{"id":2925,"date":"2025-09-23T08:41:23","date_gmt":"2025-09-23T08:41:23","guid":{"rendered":"https:\/\/yabissa.com\/producto\/collana-con-piume-e-frange\/"},"modified":"2025-09-24T15:32:50","modified_gmt":"2025-09-24T15:32:50","slug":"collana-con-piume-e-frange","status":"publish","type":"product","link":"https:\/\/yabissa.com\/it\/producto\/collana-con-piume-e-frange\/","title":{"rendered":"Collana con piume e frange"},"content":{"rendered":"<p data-start=\"0\" data-end=\"412\">Vuoi un accessorio che rifletta il tuo spirito libero, boh\u00e9mien e con un tocco di sofisticata artigianalit\u00e0? Questa collana con piume e frange \u00e8 la scelta ideale per valorizzare qualsiasi look con un\u2019aria etnica ed elegante. Il suo design unico combina la morbidezza delle piume naturali con la caduta fluida delle frange, creando un movimento pieno di personalit\u00e0 che non passer\u00e0 inosservato in nessun evento.<\/p>\n<p data-start=\"414\" data-end=\"817\">Perfetta per festival, cene speciali, servizi fotografici o semplicemente per dare una svolta audace al tuo stile quotidiano, questa collana \u00e8 tanto versatile quanto originale. Ogni dettaglio \u00e8 stato curato al massimo: le piume sono selezionate a mano per la loro consistenza e colore, mentre le frange donano leggerezza e dinamismo, esaltando il viso e il d\u00e9collet\u00e9 con un tocco unico e accattivante.<\/p>\n<hr data-start=\"1847\" data-end=\"1850\" \/>\n<p data-start=\"1088\" data-end=\"1123\">\u2728 <strong data-start=\"1090\" data-end=\"1121\">Caratteristiche principali:<\/strong><\/p>\n<ul data-start=\"1124\" data-end=\"1545\">\n<li data-start=\"1124\" data-end=\"1174\">\n<ul>\n<li data-start=\"855\" data-end=\"901\">\n<p data-start=\"857\" data-end=\"901\">Piume naturali selezionate di alta qualit\u00e0<\/p>\n<\/li>\n<li data-start=\"902\" data-end=\"938\">\n<p data-start=\"904\" data-end=\"938\">Frange morbide con caduta fluida<\/p>\n<\/li>\n<li data-start=\"939\" data-end=\"984\">\n<p data-start=\"941\" data-end=\"984\">Design artigianale boh\u00e9mien e sofisticato<\/p>\n<\/li>\n<li data-start=\"985\" data-end=\"1046\">\n<p data-start=\"987\" data-end=\"1046\">Lunghezza approssimativa: 40 cm (regolabile con chiusura)<\/p>\n<\/li>\n<li data-start=\"1047\" data-end=\"1088\">\n<p data-start=\"1049\" data-end=\"1088\">Collana leggera e comoda da indossare<\/p>\n<\/li>\n<li data-start=\"1089\" data-end=\"1145\">\n<p data-start=\"1091\" data-end=\"1145\">Si abbina facilmente a stili casual, boho o da festa<\/p>\n<\/li>\n<li data-start=\"1146\" data-end=\"1237\">\n<p data-start=\"1148\" data-end=\"1237\">Ideale per distinguersi in occasioni speciali o per l\u2019uso quotidiano con un tocco unico<\/p>\n<\/li>\n<li data-start=\"1238\" data-end=\"1287\">\n<p data-start=\"1240\" data-end=\"1287\">Perfetta come regalo originale e di carattere<\/p>\n<\/li>\n<\/ul>\n<\/li>\n<\/ul>\n<hr data-start=\"1847\" data-end=\"1850\" \/>\n<p data-start=\"1547\" data-end=\"1845\">Questa collana non \u00e8 solo un accessorio, \u00e8 una vera dichiarazione di stile. Aggiunge forza, carattere e movimento al tuo look, combinando il naturale con l\u2019artistico. Indossala con abiti lunghi, camicie basic o completi pi\u00f9 urbani: far\u00e0 sempre la differenza e ti far\u00e0 brillare con un fascino speciale.<\/p>\n","protected":false},"excerpt":{"rendered":"<p>Collana artigianale con piume naturali e frange. Leggera, appariscente e versatile, perfetta per aggiungere un tocco boh\u00e9mien ed elegante a qualsiasi look.<\/p>\n","protected":false},"featured_media":2916,"comment_status":"open","ping_status":"closed","template":"","meta":{"site-sidebar-layout":"default","site-content-layout":"","ast-site-content-layout":"default","site-content-style":"default","site-sidebar-style":"default","ast-global-header-display":"","ast-banner-title-visibility":"","ast-main-header-display":"","ast-hfb-above-header-display":"","ast-hfb-below-header-display":"","ast-hfb-mobile-header-display":"","site-post-title":"","ast-breadcrumbs-content":"","ast-featured-img":"","footer-sml-layout":"","theme-transparent-header-meta":"default","adv-header-id-meta":"","stick-header-meta":"","header-above-stick-meta":"","header-main-stick-meta":"","header-below-stick-meta":"","astra-migrate-meta-layouts":"default","ast-page-background-enabled":"default","ast-page-background-meta":{"desktop":{"background-color":"var(--ast-global-color-5)","background-image":"","background-repeat":"repeat","background-position":"center center","background-size":"auto","background-attachment":"scroll","background-type":"","background-media":"","overlay-type":"","overlay-color":"","overlay-opacity":"","overlay-gradient":""},"tablet":{"background-color":"","background-image":"","background-repeat":"repeat","background-position":"center center","background-size":"auto","background-attachment":"scroll","background-type":"","background-media":"","overlay-type":"","overlay-color":"","overlay-opacity":"","overlay-gradient":""},"mobile":{"background-color":"","background-image":"","background-repeat":"repeat","background-position":"center center","background-size":"auto","background-attachment":"scroll","background-type":"","background-media":"","overlay-type":"","overlay-color":"","overlay-opacity":"","overlay-gradient":""}},"ast-content-background-meta":{"desktop":{"background-color":"var(--ast-global-color-4)","background-image":"","background-repeat":"repeat","background-position":"center center","background-size":"auto","background-attachment":"scroll","background-type":"","background-media":"","overlay-type":"","overlay-color":"","overlay-opacity":"","overlay-gradient":""},"tablet":{"background-color":"var(--ast-global-color-4)","background-image":"","background-repeat":"repeat","background-position":"center center","background-size":"auto","background-attachment":"scroll","background-type":"","background-media":"","overlay-type":"","overlay-color":"","overlay-opacity":"","overlay-gradient":""},"mobile":{"background-color":"var(--ast-global-color-4)","background-image":"","background-repeat":"repeat","background-position":"center center","background-size":"auto","background-attachment":"scroll","background-type":"","background-media":"","overlay-type":"","overlay-color":"","overlay-opacity":"","overlay-gradient":""}}},"product_brand":[27],"product_cat":[92],"product_tag":[237,236],"class_list":{"0":"post-2925","1":"product","2":"type-product","3":"status-publish","4":"has-post-thumbnail","6":"product_brand-yabisa","7":"product_cat-accessori-in-piuma","8":"product_tag-collane","9":"product_tag-piume","10":"desktop-align-left","11":"tablet-align-left","12":"mobile-align-left","14":"first","15":"instock","16":"shipping-taxable","17":"purchasable","18":"product-type-variable"},"jetpack_sharing_enabled":true,"_links":{"self":[{"href":"https:\/\/yabissa.com\/it\/wp-json\/wp\/v2\/product\/2925","targetHints":{"allow":["GET"]}}],"collection":[{"href":"https:\/\/yabissa.com\/it\/wp-json\/wp\/v2\/product"}],"about":[{"href":"https:\/\/yabissa.com\/it\/wp-json\/wp\/v2\/types\/product"}],"replies":[{"embeddable":true,"href":"https:\/\/yabissa.com\/it\/wp-json\/wp\/v2\/comments?post=2925"}],"wp:featuredmedia":[{"embeddable":true,"href":"https:\/\/yabissa.com\/it\/wp-json\/wp\/v2\/media\/2916"}],"wp:attachment":[{"href":"https:\/\/yabissa.com\/it\/wp-json\/wp\/v2\/media?parent=2925"}],"wp:term":[{"taxonomy":"product_brand","embeddable":true,"href":"https:\/\/yabissa.com\/it\/wp-json\/wp\/v2\/product_brand?post=2925"},{"taxonomy":"product_cat","embeddable":true,"href":"https:\/\/yabissa.com\/it\/wp-json\/wp\/v2\/product_cat?post=2925"},{"taxonomy":"product_tag","embeddable":true,"href":"https:\/\/yabissa.com\/it\/wp-json\/wp\/v2\/product_tag?post=2925"}],"curies":[{"name":"wp","href":"https:\/\/api.w.org\/{rel}","templated":true}]}}