{"id":2678,"date":"2025-04-14T09:12:55","date_gmt":"2025-04-14T09:12:55","guid":{"rendered":"https:\/\/yabissa.com\/producto\/50-extension-con-piume-naturali-mix-di-colori-naturali-e-fantasia\/"},"modified":"2025-07-03T12:33:25","modified_gmt":"2025-07-03T12:33:25","slug":"50-extension-con-piume-naturali-mix-di-colori-naturali-e-fantasia","status":"publish","type":"product","link":"https:\/\/yabissa.com\/it\/producto\/50-extension-con-piume-naturali-mix-di-colori-naturali-e-fantasia\/","title":{"rendered":"50 Extension con piume naturali. Mix di colori naturali e fantasia"},"content":{"rendered":"<p>Questo pacco da 50 extension con piume naturali \u00e8 la combinazione perfetta tra ci\u00f2 che \u00e8 sottile e ci\u00f2 che \u00e8 audace. Combinando piume in tonalit\u00e0 terra (marrone, beige, rame, biondo scuro\u2026) con piume in colori vivaci (rosa, blu, viola, turchese, fucsia\u2026), ottieni un look unico che si distingue per il suo equilibrio tra naturale e creativo.<\/p>\n<p>Ogni piuma \u00e8 autentica, leggera e flessibile, selezionata a mano per garantire qualit\u00e0 e bellezza. Misura tra i 28 cm e oltre i 35 cm, e viene con finiture lisce e rigate che aggiungono dinamicit\u00e0 e movimento ai capelli. Sono ideali per essere utilizzate come ciocche decorative, per aggiungere uno stile boho, hippie, da festival o fantasy, adattato alla tua personalit\u00e0.<\/p>\n<p>Queste piume sono molto resistenti e riutilizzabili, e possono rimanere applicate fino a 6 mesi senza perdere forma n\u00e9 colore. Si integrano perfettamente nei capelli e possono essere usate anche con prodotti per capelli.<\/p>\n<h3 class=\"\" data-start=\"1258\" data-end=\"1291\">\u2728<strong>Caratteristiche principali:<\/strong><\/h3>\n<ul>\n<li>Pacco da 50 piume naturali autentiche<\/li>\n<li>Combinazione equilibrata di toni terra e colori vivaci<\/li>\n<li>Lunghezza da 28 cm a oltre 35 cm<\/li>\n<li>Finiture rigate e lisce, combinate<\/li>\n<li>Sottili, flessibili e leggere, ideali per i capelli<\/li>\n<li>Possono essere lavate, spazzolate, stirate e tinte (coprendole con carta stagnola)<\/li>\n<li>Riutilizzabili e di lunga durata (fino a 6 mesi nei capelli)<\/li>\n<li>Compatibili con microanellini, clip o adesivi<\/li>\n<\/ul>\n<h3 class=\"\" data-start=\"1753\" data-end=\"1783\">\ud83c\udf81<strong>Cosa include il pacco?<\/strong><\/h3>\n<ul>\n<li>50 microanellini del colore che preferisci (uno per piuma)<\/li>\n<li>1 infila-filo per facilitare l&#8217;applicazione<\/li>\n<\/ul>\n<p>Ti baster\u00e0 una pinza per completare il tuo kit e iniziare a sfoggiare facilmente le piume.<\/p>\n<p>Perfette per l&#8217;uso quotidiano o per occasioni speciali come festival, servizi fotografici, matrimoni, eventi creativi o weekend estivi. Sono anche un&#8217;ottima scelta per lavori manuali, acconciature, orecchini o accessori artigianali.<\/p>\n","protected":false},"excerpt":{"rendered":"<p>Pacco da 50 piume naturali in una combinazione di toni terra e colori vivaci. Lunghe, sottili, riutilizzabili e perfette come ciocche decorative nei capelli. Include microanellini e infila-filo per facilitare l&#8217;applicazione.<\/p>\n","protected":false},"featured_media":2675,"comment_status":"open","ping_status":"closed","template":"","meta":{"site-sidebar-layout":"default","site-content-layout":"","ast-site-content-layout":"default","site-content-style":"default","site-sidebar-style":"default","ast-global-header-display":"","ast-banner-title-visibility":"","ast-main-header-display":"","ast-hfb-above-header-display":"","ast-hfb-below-header-display":"","ast-hfb-mobile-header-display":"","site-post-title":"","ast-breadcrumbs-content":"","ast-featured-img":"","footer-sml-layout":"","theme-transparent-header-meta":"default","adv-header-id-meta":"","stick-header-meta":"","header-above-stick-meta":"","header-main-stick-meta":"","header-below-stick-meta":"","astra-migrate-meta-layouts":"default","ast-page-background-enabled":"default","ast-page-background-meta":{"desktop":{"background-color":"var(--ast-global-color-5)","background-image":"","background-repeat":"repeat","background-position":"center center","background-size":"auto","background-attachment":"scroll","background-type":"","background-media":"","overlay-type":"","overlay-color":"","overlay-opacity":"","overlay-gradient":""},"tablet":{"background-color":"","background-image":"","background-repeat":"repeat","background-position":"center center","background-size":"auto","background-attachment":"scroll","background-type":"","background-media":"","overlay-type":"","overlay-color":"","overlay-opacity":"","overlay-gradient":""},"mobile":{"background-color":"","background-image":"","background-repeat":"repeat","background-position":"center center","background-size":"auto","background-attachment":"scroll","background-type":"","background-media":"","overlay-type":"","overlay-color":"","overlay-opacity":"","overlay-gradient":""}},"ast-content-background-meta":{"desktop":{"background-color":"var(--ast-global-color-4)","background-image":"","background-repeat":"repeat","background-position":"center center","background-size":"auto","background-attachment":"scroll","background-type":"","background-media":"","overlay-type":"","overlay-color":"","overlay-opacity":"","overlay-gradient":""},"tablet":{"background-color":"var(--ast-global-color-4)","background-image":"","background-repeat":"repeat","background-position":"center center","background-size":"auto","background-attachment":"scroll","background-type":"","background-media":"","overlay-type":"","overlay-color":"","overlay-opacity":"","overlay-gradient":""},"mobile":{"background-color":"var(--ast-global-color-4)","background-image":"","background-repeat":"repeat","background-position":"center center","background-size":"auto","background-attachment":"scroll","background-type":"","background-media":"","overlay-type":"","overlay-color":"","overlay-opacity":"","overlay-gradient":""}}},"product_brand":[27],"product_cat":[153],"product_tag":[107,213],"class_list":{"0":"post-2678","1":"product","2":"type-product","3":"status-publish","4":"has-post-thumbnail","6":"product_brand-yabisa","7":"product_cat-groshandels-packs-mit-federn-it","8":"product_tag-estensioni-in-piuma","9":"product_tag-piume-colorate-per-capelli","10":"desktop-align-left","11":"tablet-align-left","12":"mobile-align-left","13":"wcpa_has_options","15":"first","16":"instock","17":"shipping-taxable","18":"purchasable","19":"product-type-variable"},"jetpack_sharing_enabled":true,"_links":{"self":[{"href":"https:\/\/yabissa.com\/it\/wp-json\/wp\/v2\/product\/2678","targetHints":{"allow":["GET"]}}],"collection":[{"href":"https:\/\/yabissa.com\/it\/wp-json\/wp\/v2\/product"}],"about":[{"href":"https:\/\/yabissa.com\/it\/wp-json\/wp\/v2\/types\/product"}],"replies":[{"embeddable":true,"href":"https:\/\/yabissa.com\/it\/wp-json\/wp\/v2\/comments?post=2678"}],"wp:featuredmedia":[{"embeddable":true,"href":"https:\/\/yabissa.com\/it\/wp-json\/wp\/v2\/media\/2675"}],"wp:attachment":[{"href":"https:\/\/yabissa.com\/it\/wp-json\/wp\/v2\/media?parent=2678"}],"wp:term":[{"taxonomy":"product_brand","embeddable":true,"href":"https:\/\/yabissa.com\/it\/wp-json\/wp\/v2\/product_brand?post=2678"},{"taxonomy":"product_cat","embeddable":true,"href":"https:\/\/yabissa.com\/it\/wp-json\/wp\/v2\/product_cat?post=2678"},{"taxonomy":"product_tag","embeddable":true,"href":"https:\/\/yabissa.com\/it\/wp-json\/wp\/v2\/product_tag?post=2678"}],"curies":[{"name":"wp","href":"https:\/\/api.w.org\/{rel}","templated":true}]}}