{"id":2668,"date":"2025-04-14T09:25:28","date_gmt":"2025-04-14T09:25:28","guid":{"rendered":"https:\/\/yabissa.com\/producto\/50-extension-con-piume-naturali-mix-di-colori-naturali\/"},"modified":"2025-07-03T12:32:13","modified_gmt":"2025-07-03T12:32:13","slug":"50-extension-con-piume-naturali-mix-di-colori-naturali","status":"publish","type":"product","link":"https:\/\/yabissa.com\/it\/producto\/50-extension-con-piume-naturali-mix-di-colori-naturali\/","title":{"rendered":"50 Extension con piume naturali. Mix di colori naturali"},"content":{"rendered":"<p>Questo pacco da 50 extension con piume naturali \u00e8 l&#8217;ideale per chi cerca uno stile pi\u00f9 sottile, elegante e naturale. Ogni piuma \u00e8 stata selezionata con cura in tonalit\u00e0 terra e neutre, come marrone, beige, biondo scuro, rame o grigio chiaro, senza includere colori fantasia o vivaci. Il risultato \u00e8 un look discreto, boho e ricco di texture, perfetto per integrarsi armoniosamente con i tuoi capelli.<\/p>\n<p>Le piume misurano tra i 28 cm e oltre i 35 cm, e presentano una combinazione di finiture lisce e rigate, che conferiscono movimento e un tocco artigianale alla tua chioma. Sono leggere, sottili e flessibili, ideali per essere usate come ciocche decorative in modo temporaneo o prolungato.<\/p>\n<p>Queste extension sono riutilizzabili e molto resistenti, con una durata fino a 6 mesi applicate, resistendo al lavaggio, all&#8217;uso di piastre o phon e a qualsiasi prodotto per capelli che utilizzi nella tua routine quotidiana.<\/p>\n<h3 class=\"\" data-start=\"1207\" data-end=\"1240\">\u2728<strong>Caratteristiche principali:<\/strong><\/h3>\n<ul>\n<li>Pacco da 50 piume naturali autentiche<\/li>\n<li>Toni neutri e caldi: marrone, beige, biondo scuro, rame, grigio chiaro<\/li>\n<li>Lunghezza da 28 cm a oltre 35 cm<\/li>\n<li>Finiture lisce e rigate<\/li>\n<li>Piume lunghe, sottili, flessibili e leggere<\/li>\n<li>Possono essere lavate, stirate, spazzolate e tinte (protette con carta stagnola)<\/li>\n<li>Compatibili con microanellini, clip o adesivi<\/li>\n<li>Riutilizzabili e resistenti fino a 6 mesi nei capelli<\/li>\n<\/ul>\n<h3 class=\"\" data-start=\"1695\" data-end=\"1725\">\ud83c\udf81<strong>Cosa include il pacco?<\/strong><\/h3>\n<ul>\n<li>50 microanellini del colore che preferisci (uno per piuma)<\/li>\n<li>1 infila-filo per facilitare l&#8217;applicazione<\/li>\n<\/ul>\n<p>Ti baster\u00e0 una pinza per completare il tuo kit e iniziare a sfoggiare il tuo nuovo look naturale.<\/p>\n<p>Queste extension sono ideali per look boho, discreti o naturali, nonch\u00e9 per eventi eleganti, sessioni fotografiche o semplicemente per chi desidera aggiungere un tocco di texture e movimento ai capelli senza utilizzare colori vivaci. Possono anche essere utilizzate in progetti creativi come acconciature, gioielli artigianali, accessori o lavori manuali.<\/p>\n","protected":false},"excerpt":{"rendered":"<p>Pacco da 50 piume naturali in tonalit\u00e0 terra e neutre (marrone, beige, rame, biondo scuro). Lunghe, sottili e riutilizzabili. Perfette come ciocche decorative. Include microanellini e infila-filo per facilitare l&#8217;applicazione.<\/p>\n","protected":false},"featured_media":2665,"comment_status":"open","ping_status":"closed","template":"","meta":{"site-sidebar-layout":"default","site-content-layout":"","ast-site-content-layout":"default","site-content-style":"default","site-sidebar-style":"default","ast-global-header-display":"","ast-banner-title-visibility":"","ast-main-header-display":"","ast-hfb-above-header-display":"","ast-hfb-below-header-display":"","ast-hfb-mobile-header-display":"","site-post-title":"","ast-breadcrumbs-content":"","ast-featured-img":"","footer-sml-layout":"","theme-transparent-header-meta":"default","adv-header-id-meta":"","stick-header-meta":"","header-above-stick-meta":"","header-main-stick-meta":"","header-below-stick-meta":"","astra-migrate-meta-layouts":"default","ast-page-background-enabled":"default","ast-page-background-meta":{"desktop":{"background-color":"var(--ast-global-color-5)","background-image":"","background-repeat":"repeat","background-position":"center center","background-size":"auto","background-attachment":"scroll","background-type":"","background-media":"","overlay-type":"","overlay-color":"","overlay-opacity":"","overlay-gradient":""},"tablet":{"background-color":"","background-image":"","background-repeat":"repeat","background-position":"center center","background-size":"auto","background-attachment":"scroll","background-type":"","background-media":"","overlay-type":"","overlay-color":"","overlay-opacity":"","overlay-gradient":""},"mobile":{"background-color":"","background-image":"","background-repeat":"repeat","background-position":"center center","background-size":"auto","background-attachment":"scroll","background-type":"","background-media":"","overlay-type":"","overlay-color":"","overlay-opacity":"","overlay-gradient":""}},"ast-content-background-meta":{"desktop":{"background-color":"var(--ast-global-color-4)","background-image":"","background-repeat":"repeat","background-position":"center center","background-size":"auto","background-attachment":"scroll","background-type":"","background-media":"","overlay-type":"","overlay-color":"","overlay-opacity":"","overlay-gradient":""},"tablet":{"background-color":"var(--ast-global-color-4)","background-image":"","background-repeat":"repeat","background-position":"center center","background-size":"auto","background-attachment":"scroll","background-type":"","background-media":"","overlay-type":"","overlay-color":"","overlay-opacity":"","overlay-gradient":""},"mobile":{"background-color":"var(--ast-global-color-4)","background-image":"","background-repeat":"repeat","background-position":"center center","background-size":"auto","background-attachment":"scroll","background-type":"","background-media":"","overlay-type":"","overlay-color":"","overlay-opacity":"","overlay-gradient":""}}},"product_brand":[27],"product_cat":[153],"product_tag":[107,154],"class_list":{"0":"post-2668","1":"product","2":"type-product","3":"status-publish","4":"has-post-thumbnail","6":"product_brand-yabisa","7":"product_cat-groshandels-packs-mit-federn-it","8":"product_tag-estensioni-in-piuma","9":"product_tag-naturfedern-fur-das-haar-it","10":"desktop-align-left","11":"tablet-align-left","12":"mobile-align-left","13":"wcpa_has_options","15":"first","16":"instock","17":"shipping-taxable","18":"purchasable","19":"product-type-variable"},"jetpack_sharing_enabled":true,"_links":{"self":[{"href":"https:\/\/yabissa.com\/it\/wp-json\/wp\/v2\/product\/2668","targetHints":{"allow":["GET"]}}],"collection":[{"href":"https:\/\/yabissa.com\/it\/wp-json\/wp\/v2\/product"}],"about":[{"href":"https:\/\/yabissa.com\/it\/wp-json\/wp\/v2\/types\/product"}],"replies":[{"embeddable":true,"href":"https:\/\/yabissa.com\/it\/wp-json\/wp\/v2\/comments?post=2668"}],"wp:featuredmedia":[{"embeddable":true,"href":"https:\/\/yabissa.com\/it\/wp-json\/wp\/v2\/media\/2665"}],"wp:attachment":[{"href":"https:\/\/yabissa.com\/it\/wp-json\/wp\/v2\/media?parent=2668"}],"wp:term":[{"taxonomy":"product_brand","embeddable":true,"href":"https:\/\/yabissa.com\/it\/wp-json\/wp\/v2\/product_brand?post=2668"},{"taxonomy":"product_cat","embeddable":true,"href":"https:\/\/yabissa.com\/it\/wp-json\/wp\/v2\/product_cat?post=2668"},{"taxonomy":"product_tag","embeddable":true,"href":"https:\/\/yabissa.com\/it\/wp-json\/wp\/v2\/product_tag?post=2668"}],"curies":[{"name":"wp","href":"https:\/\/api.w.org\/{rel}","templated":true}]}}