{"id":2658,"date":"2025-04-14T09:35:58","date_gmt":"2025-04-14T09:35:58","guid":{"rendered":"https:\/\/yabissa.com\/producto\/50-extension-con-piume-naturali-mix-di-colori-fantasia\/"},"modified":"2025-07-03T12:31:02","modified_gmt":"2025-07-03T12:31:02","slug":"50-extension-con-piume-naturali-mix-di-colori-fantasia","status":"publish","type":"product","link":"https:\/\/yabissa.com\/it\/producto\/50-extension-con-piume-naturali-mix-di-colori-fantasia\/","title":{"rendered":"50 extension con piume naturali. Mix di colori fantasia"},"content":{"rendered":"<p>Osate distinguervi con questo pacco da 50 extension con piume naturali in un&#8217;esplosione di colori fantasia vivaci. Perfette per look creativi, audaci e pieni di energia, queste piume combinano tonalit\u00e0 come rosa, blu, viola, verde, fucsia, turchese e molte altre, per permettervi di sfoggiare uno stile unico, originale e totalmente personalizzato.<\/p>\n<p>Ogni piuma \u00e8 100% naturale, selezionata a mano per la sua qualit\u00e0, flessibilit\u00e0 e bellezza. Con una lunghezza che va dai 28 cm a oltre i 35 cm e finiture lisce e rigate, si integrano perfettamente nei capelli come ciocche decorative, creando un effetto accattivante e pieno di movimento.<\/p>\n<p>Sono resistenti, riutilizzabili e molto facili da applicare. Respingono il lavaggio, il calore di piastre e phon, e tutti i tuoi prodotti per capelli abituali, senza perdere colore n\u00e9 forma. E possono durare fino a 6 mesi applicate!<\/p>\n<h3 class=\"\" data-start=\"1172\" data-end=\"1205\">\u2728<strong>Caratteristiche principali:<\/strong><\/h3>\n<ul>\n<li>Pacco da 50 piume naturali autentiche<\/li>\n<li>Mix di colori fantasia: rosa, blu, viola, fucsia, verde, turchese, ecc.<\/li>\n<li>Lunghezza da 28 cm a oltre 35 cm<\/li>\n<li>Stili rigati e lisci, mescolati<\/li>\n<li>Sottili, leggere e flessibili, ideali per essere usate come ciocche decorative<\/li>\n<li>Possono essere lavate, stirate, spazzolate e tinte (protette con carta stagnola)<\/li>\n<li>Riutilizzabili e con durata fino a 6 mesi applicate<\/li>\n<li>Adatte a tutti i tipi di capelli<\/li>\n<\/ul>\n<h3 class=\"\" data-start=\"1693\" data-end=\"1723\">\ud83c\udf81<strong>Cosa include il pacco?<\/strong><\/h3>\n<ul>\n<li>50 microanellini (uno per piuma) del colore che preferisci o in versione mix<\/li>\n<li>1 infila-filo per facilitare l&#8217;installazione<\/li>\n<\/ul>\n<p>Ti baster\u00e0 una pinza per completare il tuo kit e applicare le piume facilmente a casa.<\/p>\n<p>Perfette per festival, sessioni fotografiche, eventi speciali o semplicemente per chi ama esprimersi attraverso il colore. Possono anche essere utilizzate in progetti creativi come acconciature, orecchini, accessori o decorazioni artigianali.<\/p>\n","protected":false},"excerpt":{"rendered":"<p>Pacco da 50 piume naturali in colori fantasia (rosa, blu, viola, turchese\u2026). Lunghe, sottili e riutilizzabili. Include microanellini e infila-filo per un&#8217;applicazione facile e sicura come ciocche decorative nei capelli.<\/p>\n","protected":false},"featured_media":2655,"comment_status":"open","ping_status":"closed","template":"","meta":{"site-sidebar-layout":"default","site-content-layout":"","ast-site-content-layout":"default","site-content-style":"default","site-sidebar-style":"default","ast-global-header-display":"","ast-banner-title-visibility":"","ast-main-header-display":"","ast-hfb-above-header-display":"","ast-hfb-below-header-display":"","ast-hfb-mobile-header-display":"","site-post-title":"","ast-breadcrumbs-content":"","ast-featured-img":"","footer-sml-layout":"","theme-transparent-header-meta":"default","adv-header-id-meta":"","stick-header-meta":"","header-above-stick-meta":"","header-main-stick-meta":"","header-below-stick-meta":"","astra-migrate-meta-layouts":"default","ast-page-background-enabled":"default","ast-page-background-meta":{"desktop":{"background-color":"var(--ast-global-color-5)","background-image":"","background-repeat":"repeat","background-position":"center center","background-size":"auto","background-attachment":"scroll","background-type":"","background-media":"","overlay-type":"","overlay-color":"","overlay-opacity":"","overlay-gradient":""},"tablet":{"background-color":"","background-image":"","background-repeat":"repeat","background-position":"center center","background-size":"auto","background-attachment":"scroll","background-type":"","background-media":"","overlay-type":"","overlay-color":"","overlay-opacity":"","overlay-gradient":""},"mobile":{"background-color":"","background-image":"","background-repeat":"repeat","background-position":"center center","background-size":"auto","background-attachment":"scroll","background-type":"","background-media":"","overlay-type":"","overlay-color":"","overlay-opacity":"","overlay-gradient":""}},"ast-content-background-meta":{"desktop":{"background-color":"var(--ast-global-color-4)","background-image":"","background-repeat":"repeat","background-position":"center center","background-size":"auto","background-attachment":"scroll","background-type":"","background-media":"","overlay-type":"","overlay-color":"","overlay-opacity":"","overlay-gradient":""},"tablet":{"background-color":"var(--ast-global-color-4)","background-image":"","background-repeat":"repeat","background-position":"center center","background-size":"auto","background-attachment":"scroll","background-type":"","background-media":"","overlay-type":"","overlay-color":"","overlay-opacity":"","overlay-gradient":""},"mobile":{"background-color":"var(--ast-global-color-4)","background-image":"","background-repeat":"repeat","background-position":"center center","background-size":"auto","background-attachment":"scroll","background-type":"","background-media":"","overlay-type":"","overlay-color":"","overlay-opacity":"","overlay-gradient":""}}},"product_brand":[27],"product_cat":[153],"product_tag":[107,209],"class_list":{"0":"post-2658","1":"product","2":"type-product","3":"status-publish","4":"has-post-thumbnail","6":"product_brand-yabisa","7":"product_cat-groshandels-packs-mit-federn-it","8":"product_tag-estensioni-in-piuma","9":"product_tag-piume-fantasia-per-capelli","10":"desktop-align-left","11":"tablet-align-left","12":"mobile-align-left","13":"wcpa_has_options","15":"first","16":"instock","17":"shipping-taxable","18":"purchasable","19":"product-type-variable"},"jetpack_sharing_enabled":true,"_links":{"self":[{"href":"https:\/\/yabissa.com\/it\/wp-json\/wp\/v2\/product\/2658","targetHints":{"allow":["GET"]}}],"collection":[{"href":"https:\/\/yabissa.com\/it\/wp-json\/wp\/v2\/product"}],"about":[{"href":"https:\/\/yabissa.com\/it\/wp-json\/wp\/v2\/types\/product"}],"replies":[{"embeddable":true,"href":"https:\/\/yabissa.com\/it\/wp-json\/wp\/v2\/comments?post=2658"}],"wp:featuredmedia":[{"embeddable":true,"href":"https:\/\/yabissa.com\/it\/wp-json\/wp\/v2\/media\/2655"}],"wp:attachment":[{"href":"https:\/\/yabissa.com\/it\/wp-json\/wp\/v2\/media?parent=2658"}],"wp:term":[{"taxonomy":"product_brand","embeddable":true,"href":"https:\/\/yabissa.com\/it\/wp-json\/wp\/v2\/product_brand?post=2658"},{"taxonomy":"product_cat","embeddable":true,"href":"https:\/\/yabissa.com\/it\/wp-json\/wp\/v2\/product_cat?post=2658"},{"taxonomy":"product_tag","embeddable":true,"href":"https:\/\/yabissa.com\/it\/wp-json\/wp\/v2\/product_tag?post=2658"}],"curies":[{"name":"wp","href":"https:\/\/api.w.org\/{rel}","templated":true}]}}