{"id":2648,"date":"2025-04-14T09:42:50","date_gmt":"2025-04-14T09:42:50","guid":{"rendered":"https:\/\/yabissa.com\/producto\/clip-con-piume-removibile-blu-elettrico\/"},"modified":"2025-04-14T09:42:50","modified_gmt":"2025-04-14T09:42:50","slug":"clip-con-piume-removibile-blu-elettrico","status":"publish","type":"product","link":"https:\/\/yabissa.com\/it\/producto\/clip-con-piume-removibile-blu-elettrico\/","title":{"rendered":"Clip con piume removibile. Blu Elettrico"},"content":{"rendered":"<p>Vuoi aggiungere un tocco unico, vibrante e temporaneo al tuo look senza necessit\u00e0 di installazioni permanenti? Questo clip con piume removibile in blu elettrico \u00e8 l&#8217;opzione ideale per trasformare la tua acconciatura in pochi secondi. La sua tonalit\u00e0 intensa e brillante aggiunge un effetto accattivante e stilizzato che non passa inosservato, perfetto per risaltare in eventi, festival, servizi fotografici o semplicemente per esprimere il tuo stile libero e boho.<\/p>\n<p>Ogni piuma \u00e8 naturale, sottile e flessibile, selezionata a mano per la sua qualit\u00e0 e bellezza. Il clip metallico incluso \u00e8 leggero e comodo, progettato per adattarsi saldamente ai capelli senza danneggiarli, permettendoti di applicare e rimuovere le piume ogni volta che vuoi. Non sono necessari strumenti, adesivi o microanellini: basta aprire il clip, posizionarlo ed \u00e8 fatto.<\/p>\n<h3 class=\"\" data-start=\"1030\" data-end=\"1063\">\u2728<strong>Caratteristiche principali:<\/strong><\/h3>\n<ul>\n<li>Piume naturali di alta qualit\u00e0<\/li>\n<li>Colore blu elettrico vibrante e accattivante<\/li>\n<li>Lunghezza approssimativa: 28-35 cm<\/li>\n<li>Clip metallico leggero, discreto e resistente<\/li>\n<li>Applicazione rapida senza strumenti<\/li>\n<li>Riutilizzabile e facile da abbinare ad altri accessori<\/li>\n<li>Ideale per tutti i tipi di capelli e stili<\/li>\n<li>Perfetto per uso personale o come regalo originale<\/li>\n<\/ul>\n<p>Questo clip \u00e8 ideale se vuoi indossare piume senza impegno: puoi metterlo e toglierlo a seconda del giorno, del look o dell&#8217;occasione. Si abbina perfettamente a acconciature sciolte, raccolti, trecce o code, e puoi conservarlo facilmente per riutilizzarlo ogni volta che ne hai bisogno.<\/p>\n","protected":false},"excerpt":{"rendered":"<p>Clip con piume naturali in blu elettrico. Facile da applicare e rimuovere senza strumenti. Riutilizzabile, leggero e perfetto per dare un tocco vibrante ai capelli in un attimo.<\/p>\n","protected":false},"featured_media":2639,"comment_status":"open","ping_status":"closed","template":"","meta":{"site-sidebar-layout":"default","site-content-layout":"","ast-site-content-layout":"default","site-content-style":"default","site-sidebar-style":"default","ast-global-header-display":"","ast-banner-title-visibility":"","ast-main-header-display":"","ast-hfb-above-header-display":"","ast-hfb-below-header-display":"","ast-hfb-mobile-header-display":"","site-post-title":"","ast-breadcrumbs-content":"","ast-featured-img":"","footer-sml-layout":"","theme-transparent-header-meta":"default","adv-header-id-meta":"","stick-header-meta":"","header-above-stick-meta":"","header-main-stick-meta":"","header-below-stick-meta":"","astra-migrate-meta-layouts":"default","ast-page-background-enabled":"default","ast-page-background-meta":{"desktop":{"background-color":"var(--ast-global-color-5)","background-image":"","background-repeat":"repeat","background-position":"center center","background-size":"auto","background-attachment":"scroll","background-type":"","background-media":"","overlay-type":"","overlay-color":"","overlay-opacity":"","overlay-gradient":""},"tablet":{"background-color":"","background-image":"","background-repeat":"repeat","background-position":"center center","background-size":"auto","background-attachment":"scroll","background-type":"","background-media":"","overlay-type":"","overlay-color":"","overlay-opacity":"","overlay-gradient":""},"mobile":{"background-color":"","background-image":"","background-repeat":"repeat","background-position":"center center","background-size":"auto","background-attachment":"scroll","background-type":"","background-media":"","overlay-type":"","overlay-color":"","overlay-opacity":"","overlay-gradient":""}},"ast-content-background-meta":{"desktop":{"background-color":"var(--ast-global-color-4)","background-image":"","background-repeat":"repeat","background-position":"center center","background-size":"auto","background-attachment":"scroll","background-type":"","background-media":"","overlay-type":"","overlay-color":"","overlay-opacity":"","overlay-gradient":""},"tablet":{"background-color":"var(--ast-global-color-4)","background-image":"","background-repeat":"repeat","background-position":"center center","background-size":"auto","background-attachment":"scroll","background-type":"","background-media":"","overlay-type":"","overlay-color":"","overlay-opacity":"","overlay-gradient":""},"mobile":{"background-color":"var(--ast-global-color-4)","background-image":"","background-repeat":"repeat","background-position":"center center","background-size":"auto","background-attachment":"scroll","background-type":"","background-media":"","overlay-type":"","overlay-color":"","overlay-opacity":"","overlay-gradient":""}}},"product_brand":[27],"product_cat":[203],"product_tag":[204,177],"class_list":{"0":"post-2648","1":"product","2":"type-product","3":"status-publish","4":"has-post-thumbnail","6":"product_brand-yabisa","7":"product_cat-clip-con-piume","8":"product_tag-clip-con-piume","9":"product_tag-piume-blu-elettrico","10":"desktop-align-left","11":"tablet-align-left","12":"mobile-align-left","14":"first","15":"instock","16":"shipping-taxable","17":"purchasable","18":"product-type-simple"},"jetpack_sharing_enabled":true,"_links":{"self":[{"href":"https:\/\/yabissa.com\/it\/wp-json\/wp\/v2\/product\/2648","targetHints":{"allow":["GET"]}}],"collection":[{"href":"https:\/\/yabissa.com\/it\/wp-json\/wp\/v2\/product"}],"about":[{"href":"https:\/\/yabissa.com\/it\/wp-json\/wp\/v2\/types\/product"}],"replies":[{"embeddable":true,"href":"https:\/\/yabissa.com\/it\/wp-json\/wp\/v2\/comments?post=2648"}],"wp:featuredmedia":[{"embeddable":true,"href":"https:\/\/yabissa.com\/it\/wp-json\/wp\/v2\/media\/2639"}],"wp:attachment":[{"href":"https:\/\/yabissa.com\/it\/wp-json\/wp\/v2\/media?parent=2648"}],"wp:term":[{"taxonomy":"product_brand","embeddable":true,"href":"https:\/\/yabissa.com\/it\/wp-json\/wp\/v2\/product_brand?post=2648"},{"taxonomy":"product_cat","embeddable":true,"href":"https:\/\/yabissa.com\/it\/wp-json\/wp\/v2\/product_cat?post=2648"},{"taxonomy":"product_tag","embeddable":true,"href":"https:\/\/yabissa.com\/it\/wp-json\/wp\/v2\/product_tag?post=2648"}],"curies":[{"name":"wp","href":"https:\/\/api.w.org\/{rel}","templated":true}]}}