{"id":1824,"date":"2025-04-02T10:38:07","date_gmt":"2025-04-02T10:38:07","guid":{"rendered":"https:\/\/yabissa.com\/informativa-sulla-privacy\/"},"modified":"2025-05-07T12:21:49","modified_gmt":"2025-05-07T12:21:49","slug":"informativa-sulla-privacy","status":"publish","type":"page","link":"https:\/\/yabissa.com\/it\/informativa-sulla-privacy\/","title":{"rendered":"Informativa sulla privacy"},"content":{"rendered":"\t\t<div data-elementor-type=\"wp-page\" data-elementor-id=\"1824\" class=\"elementor elementor-1824 elementor-3\" data-elementor-post-type=\"page\">\n\t\t\t\t<div class=\"elementor-element elementor-element-708ac2d e-flex e-con-boxed wpr-particle-no wpr-jarallax-no wpr-parallax-no wpr-sticky-section-no e-con e-parent\" data-id=\"708ac2d\" data-element_type=\"container\" data-e-type=\"container\">\n\t\t\t\t\t<div class=\"e-con-inner\">\n\t\t\t\t<div class=\"elementor-element elementor-element-5c22202 elementor-widget elementor-widget-heading\" data-id=\"5c22202\" data-element_type=\"widget\" data-e-type=\"widget\" data-widget_type=\"heading.default\">\n\t\t\t\t<div class=\"elementor-widget-container\">\n\t\t\t\t\t<h1 class=\"elementor-heading-title elementor-size-default\">Politica sulla Privacy<\/h1>\t\t\t\t<\/div>\n\t\t\t\t<\/div>\n\t\t\t\t\t<\/div>\n\t\t\t\t<\/div>\n\t\t<div class=\"elementor-element elementor-element-e619155 e-flex e-con-boxed wpr-particle-no wpr-jarallax-no wpr-parallax-no wpr-sticky-section-no e-con e-parent\" data-id=\"e619155\" data-element_type=\"container\" data-e-type=\"container\">\n\t\t\t\t\t<div class=\"e-con-inner\">\n\t\t\t\t<div class=\"elementor-element elementor-element-4b7238e elementor-widget elementor-widget-text-editor\" data-id=\"4b7238e\" data-element_type=\"widget\" data-e-type=\"widget\" data-widget_type=\"text-editor.default\">\n\t\t\t\t<div class=\"elementor-widget-container\">\n\t\t\t\t\t\t\t\t\t<p>Yabisa, in qualit\u00e0 di Titolare del Trattamento, informa che, in conformit\u00e0 con quanto stabilito dal Regolamento (UE) 2016\/679, del 27 aprile (RGPD) e dalla Legge Organica 3\/2018, del 5 dicembre, sulla protezione dei dati e la garanzia dei diritti digitali (LOPDGDD), procederemo al trattamento dei suoi dati personali come descritto nella presente Politica sulla Privacy.<\/p>\n<p>In questa Politica sulla Privacy, le spieghiamo come raccogliamo, utilizziamo, proteggiamo e condividiamo i suoi dati personali, nonch\u00e9 i diritti che le spettano in relazione al trattamento dei suoi dati.<\/p>\n<p>Utilizzando il nostro sito web, accetta le disposizioni di questa Politica sulla Privacy e acconsente al trattamento dei suoi dati personali secondo i termini stabiliti.<\/p>\n\t\t\t\t\t\t\t\t<\/div>\n\t\t\t\t<\/div>\n\t\t\t\t\t<\/div>\n\t\t\t\t<\/div>\n\t\t<div class=\"elementor-element elementor-element-21a35b7 e-flex e-con-boxed wpr-particle-no wpr-jarallax-no wpr-parallax-no wpr-sticky-section-no e-con e-parent\" data-id=\"21a35b7\" data-element_type=\"container\" data-e-type=\"container\">\n\t\t\t\t\t<div class=\"e-con-inner\">\n\t\t\t\t<div class=\"elementor-element elementor-element-6104d7a elementor-widget elementor-widget-heading\" data-id=\"6104d7a\" data-element_type=\"widget\" data-e-type=\"widget\" data-widget_type=\"heading.default\">\n\t\t\t\t<div class=\"elementor-widget-container\">\n\t\t\t\t\t<h2 class=\"elementor-heading-title elementor-size-default\">1. Informazioni all'utente<\/h2>\t\t\t\t<\/div>\n\t\t\t\t<\/div>\n\t\t\t\t<div class=\"elementor-element elementor-element-b1c643d elementor-widget elementor-widget-text-editor\" data-id=\"b1c643d\" data-element_type=\"widget\" data-e-type=\"widget\" data-widget_type=\"text-editor.default\">\n\t\t\t\t<div class=\"elementor-widget-container\">\n\t\t\t\t\t\t\t\t\t<p>Yabisa si impegna a proteggere la privacy dei suoi utenti. In conformit\u00e0 con la normativa vigente, raccogliamo e trattiamo i dati personali che ci fornisce in modo legale, leale e trasparente.<\/p>\n\t\t\t\t\t\t\t\t<\/div>\n\t\t\t\t<\/div>\n\t\t\t\t\t<\/div>\n\t\t\t\t<\/div>\n\t\t<div class=\"elementor-element elementor-element-6ec914f e-flex e-con-boxed wpr-particle-no wpr-jarallax-no wpr-parallax-no wpr-sticky-section-no e-con e-parent\" data-id=\"6ec914f\" data-element_type=\"container\" data-e-type=\"container\">\n\t\t\t\t\t<div class=\"e-con-inner\">\n\t\t\t\t<div class=\"elementor-element elementor-element-7bc14ca elementor-widget elementor-widget-heading\" data-id=\"7bc14ca\" data-element_type=\"widget\" data-e-type=\"widget\" data-widget_type=\"heading.default\">\n\t\t\t\t<div class=\"elementor-widget-container\">\n\t\t\t\t\t<h2 class=\"elementor-heading-title elementor-size-default\">2. Dati di contatto<\/h2>\t\t\t\t<\/div>\n\t\t\t\t<\/div>\n\t\t\t\t<div class=\"elementor-element elementor-element-d728c58 elementor-widget elementor-widget-text-editor\" data-id=\"d728c58\" data-element_type=\"widget\" data-e-type=\"widget\" data-widget_type=\"text-editor.default\">\n\t\t\t\t<div class=\"elementor-widget-container\">\n\t\t\t\t\t\t\t\t\t<p><strong>Denominazione sociale<\/strong>: Yabisa<br \/><strong>Telefono<\/strong>: 626858976<br \/><strong>Email<\/strong>: <a href=\"mailto:yolandayabisa@hotmail.com\">yolandayabisa@hotmail.com<\/a><br \/><strong>Indirizzo<\/strong>: Buz\u00f3n 890, Can Curreu, 07840 Santa Eulalia del R\u00edo, Ibiza, Baleares<br \/><strong>Whatsapp<\/strong>: 626858976<\/p>\n\t\t\t\t\t\t\t\t<\/div>\n\t\t\t\t<\/div>\n\t\t\t\t\t<\/div>\n\t\t\t\t<\/div>\n\t\t<div class=\"elementor-element elementor-element-69ae41e e-flex e-con-boxed wpr-particle-no wpr-jarallax-no wpr-parallax-no wpr-sticky-section-no e-con e-parent\" data-id=\"69ae41e\" data-element_type=\"container\" data-e-type=\"container\">\n\t\t\t\t\t<div class=\"e-con-inner\">\n\t\t\t\t<div class=\"elementor-element elementor-element-0b44be5 elementor-widget elementor-widget-heading\" data-id=\"0b44be5\" data-element_type=\"widget\" data-e-type=\"widget\" data-widget_type=\"heading.default\">\n\t\t\t\t<div class=\"elementor-widget-container\">\n\t\t\t\t\t<h2 class=\"elementor-heading-title elementor-size-default\">3. Principi chiave<\/h2>\t\t\t\t<\/div>\n\t\t\t\t<\/div>\n\t\t\t\t<div class=\"elementor-element elementor-element-421ace4 elementor-widget elementor-widget-text-editor\" data-id=\"421ace4\" data-element_type=\"widget\" data-e-type=\"widget\" data-widget_type=\"text-editor.default\">\n\t\t\t\t<div class=\"elementor-widget-container\">\n\t\t\t\t\t\t\t\t\t<p>Il trattamento dei suoi dati personali si basa sui seguenti principi:<\/p>\n<ol>\n<li><strong>Legalit\u00e0<\/strong>: Raccogliamo i suoi dati personali solo per scopi specifici, espliciti e legittimi.<\/li>\n<li><strong>Minimizzazione dei dati<\/strong>: Limitiamo la raccolta dei dati personali a quanto strettamente necessario per gli scopi previsti.<\/li>\n<li><strong>Limitazione della finalit\u00e0<\/strong>: Raccogliamo i suoi dati personali solo per gli scopi stabiliti e in conformit\u00e0 con le sue preferenze.<\/li>\n<li><strong>Precisione<\/strong>: Ci impegniamo a mantenere i suoi dati precisi e aggiornati.<\/li>\n<li><strong>Sicurezza dei dati<\/strong>: Applichiamo misure tecniche e organizzative adeguate per garantire la sicurezza dei suoi dati.<\/li>\n<li><strong>Accesso e rettifica<\/strong>: Le forniamo mezzi per accedere o rettificare i suoi dati quando lo ritiene necessario.<\/li>\n<li><strong>Conservazione<\/strong>: Conserviamo i suoi dati personali solo per il tempo necessario agli scopi stabiliti.<\/li>\n<li><strong>Trasferimenti internazionali<\/strong>: Qualora i suoi dati vengano trasferiti al di fuori dell&#8217;UE\/EEE, saranno adeguatamente protetti.<\/li>\n<li><strong>Terzi<\/strong>: L&#8217;accesso e il trasferimento dei dati a terzi avvengono in conformit\u00e0 con le leggi e i regolamenti applicabili.<\/li>\n<\/ol>\n\t\t\t\t\t\t\t\t<\/div>\n\t\t\t\t<\/div>\n\t\t\t\t\t<\/div>\n\t\t\t\t<\/div>\n\t\t<div class=\"elementor-element elementor-element-9530868 e-flex e-con-boxed wpr-particle-no wpr-jarallax-no wpr-parallax-no wpr-sticky-section-no e-con e-parent\" data-id=\"9530868\" data-element_type=\"container\" data-e-type=\"container\">\n\t\t\t\t\t<div class=\"e-con-inner\">\n\t\t\t\t<div class=\"elementor-element elementor-element-40b47b8 elementor-widget elementor-widget-heading\" data-id=\"40b47b8\" data-element_type=\"widget\" data-e-type=\"widget\" data-widget_type=\"heading.default\">\n\t\t\t\t<div class=\"elementor-widget-container\">\n\t\t\t\t\t<h2 class=\"elementor-heading-title elementor-size-default\">4. Raccolta e trattamento dei suoi dati personali<\/h2>\t\t\t\t<\/div>\n\t\t\t\t<\/div>\n\t\t\t\t<div class=\"elementor-element elementor-element-d0fe731 elementor-widget elementor-widget-text-editor\" data-id=\"d0fe731\" data-element_type=\"widget\" data-e-type=\"widget\" data-widget_type=\"text-editor.default\">\n\t\t\t\t<div class=\"elementor-widget-container\">\n\t\t\t\t\t\t\t\t\t<p>I tipi di dati personali che possiamo raccogliere e trattare includono:<\/p>\n<ol>\n<li><strong>Dati di identificazione<\/strong>: nome, indirizzo e-mail, numero di telefono, ecc.<\/li>\n<li><strong>Dati tecnici<\/strong>: indirizzo IP, dati di navigazione, ecc.<\/li>\n<\/ol>\n<p>Questi dati vengono raccolti per i seguenti scopi:<\/p>\n<ul>\n<li>Fornire informazioni e servizi di interesse.<\/li>\n<li>Adempiere agli obblighi legali.<\/li>\n<li>Eseguire analisi del sito web per migliorare l&#8217;esperienza dell&#8217;utente.<\/li>\n<\/ul>\n\t\t\t\t\t\t\t\t<\/div>\n\t\t\t\t<\/div>\n\t\t\t\t\t<\/div>\n\t\t\t\t<\/div>\n\t\t<div class=\"elementor-element elementor-element-a4dcdbb e-flex e-con-boxed wpr-particle-no wpr-jarallax-no wpr-parallax-no wpr-sticky-section-no e-con e-parent\" data-id=\"a4dcdbb\" data-element_type=\"container\" data-e-type=\"container\">\n\t\t\t\t\t<div class=\"e-con-inner\">\n\t\t\t\t<div class=\"elementor-element elementor-element-3701eb3 elementor-widget elementor-widget-heading\" data-id=\"3701eb3\" data-element_type=\"widget\" data-e-type=\"widget\" data-widget_type=\"heading.default\">\n\t\t\t\t<div class=\"elementor-widget-container\">\n\t\t\t\t\t<h2 class=\"elementor-heading-title elementor-size-default\">5. Legittimit\u00e0<\/h2>\t\t\t\t<\/div>\n\t\t\t\t<\/div>\n\t\t\t\t<div class=\"elementor-element elementor-element-ef467ef elementor-widget elementor-widget-text-editor\" data-id=\"ef467ef\" data-element_type=\"widget\" data-e-type=\"widget\" data-widget_type=\"text-editor.default\">\n\t\t\t\t<div class=\"elementor-widget-container\">\n\t\t\t\t\t\t\t\t\t<p>Il trattamento dei suoi dati personali sar\u00e0 lecito quando si verifichi una delle seguenti condizioni:<\/p>\n<ol>\n<li><strong>Il suo consenso esplicito<\/strong> per il trattamento dei suoi dati.<\/li>\n<li><strong>Un obbligo legale<\/strong> che giustifichi il trattamento.<\/li>\n<li><strong>Un interesse legittimo<\/strong>, come la fornitura di servizi o comunicazioni commerciali.<\/li>\n<li><strong>La necessit\u00e0 del trattamento<\/strong> per l&#8217;esecuzione di un contratto con lei.<\/li>\n<\/ol>\n\t\t\t\t\t\t\t\t<\/div>\n\t\t\t\t<\/div>\n\t\t\t\t\t<\/div>\n\t\t\t\t<\/div>\n\t\t<div class=\"elementor-element elementor-element-04ae537 e-flex e-con-boxed wpr-particle-no wpr-jarallax-no wpr-parallax-no wpr-sticky-section-no e-con e-parent\" data-id=\"04ae537\" data-element_type=\"container\" data-e-type=\"container\">\n\t\t\t\t\t<div class=\"e-con-inner\">\n\t\t\t\t<div class=\"elementor-element elementor-element-ab7821f elementor-widget elementor-widget-heading\" data-id=\"ab7821f\" data-element_type=\"widget\" data-e-type=\"widget\" data-widget_type=\"heading.default\">\n\t\t\t\t<div class=\"elementor-widget-container\">\n\t\t\t\t\t<h2 class=\"elementor-heading-title elementor-size-default\">6. Comunicazione dei dati personali<\/h2>\t\t\t\t<\/div>\n\t\t\t\t<\/div>\n\t\t\t\t<div class=\"elementor-element elementor-element-576599f elementor-widget elementor-widget-text-editor\" data-id=\"576599f\" data-element_type=\"widget\" data-e-type=\"widget\" data-widget_type=\"text-editor.default\">\n\t\t\t\t<div class=\"elementor-widget-container\">\n\t\t\t\t\t\t\t\t\t<p>Yabisa <strong>non effettuer\u00e0 cessioni di dati personali a terzi<\/strong>, salvo che per obbligo legale o quando necessario per la fornitura dei servizi, sempre in qualit\u00e0 di <strong>responsabile del trattamento<\/strong>.<\/p>\n\t\t\t\t\t\t\t\t<\/div>\n\t\t\t\t<\/div>\n\t\t\t\t\t<\/div>\n\t\t\t\t<\/div>\n\t\t<div class=\"elementor-element elementor-element-0ae1f89 e-flex e-con-boxed wpr-particle-no wpr-jarallax-no wpr-parallax-no wpr-sticky-section-no e-con e-parent\" data-id=\"0ae1f89\" data-element_type=\"container\" data-e-type=\"container\">\n\t\t\t\t\t<div class=\"e-con-inner\">\n\t\t\t\t<div class=\"elementor-element elementor-element-22cfe19 elementor-widget elementor-widget-heading\" data-id=\"22cfe19\" data-element_type=\"widget\" data-e-type=\"widget\" data-widget_type=\"heading.default\">\n\t\t\t\t<div class=\"elementor-widget-container\">\n\t\t\t\t\t<h2 class=\"elementor-heading-title elementor-size-default\">7. I suoi diritti<\/h2>\t\t\t\t<\/div>\n\t\t\t\t<\/div>\n\t\t\t\t<div class=\"elementor-element elementor-element-9bc9a96 elementor-widget elementor-widget-text-editor\" data-id=\"9bc9a96\" data-element_type=\"widget\" data-e-type=\"widget\" data-widget_type=\"text-editor.default\">\n\t\t\t\t<div class=\"elementor-widget-container\">\n\t\t\t\t\t\t\t\t\t<p>Lei ha il diritto di:<\/p>\n<ol>\n<li>Accedere ai suoi dati personali e ottenere informazioni sul trattamento.<\/li>\n<li>Rettificare i suoi dati personali inesatti.<\/li>\n<li>Cancellare i suoi dati personali quando non sono pi\u00f9 necessari.<\/li>\n<li>Limitare il trattamento dei suoi dati personali.<\/li>\n<li>Richiedere la portabilit\u00e0 dei suoi dati.<\/li>\n<li>Opporsi al trattamento dei suoi dati personali.<\/li>\n<\/ol>\n<p>Per esercitare questi diritti, pu\u00f2 contattarci via e-mail a <strong><a href=\"mailto:yolandayabisa@hotmail.com\">yolandayabisa@hotmail.com<\/a><\/strong>. Inoltre, pu\u00f2 presentare un reclamo all&#8217;Autorit\u00e0 per la Protezione dei Dati competente se ritiene che il trattamento dei suoi dati non sia conforme alla normativa vigente.<\/p>\n\t\t\t\t\t\t\t\t<\/div>\n\t\t\t\t<\/div>\n\t\t\t\t\t<\/div>\n\t\t\t\t<\/div>\n\t\t<div class=\"elementor-element elementor-element-c0f4fcb e-flex e-con-boxed wpr-particle-no wpr-jarallax-no wpr-parallax-no wpr-sticky-section-no e-con e-parent\" data-id=\"c0f4fcb\" data-element_type=\"container\" data-e-type=\"container\">\n\t\t\t\t\t<div class=\"e-con-inner\">\n\t\t\t\t<div class=\"elementor-element elementor-element-ce33ea1 elementor-widget elementor-widget-heading\" data-id=\"ce33ea1\" data-element_type=\"widget\" data-e-type=\"widget\" data-widget_type=\"heading.default\">\n\t\t\t\t<div class=\"elementor-widget-container\">\n\t\t\t\t\t<h2 class=\"elementor-heading-title elementor-size-default\">8. Informazioni aggiuntive<\/h2>\t\t\t\t<\/div>\n\t\t\t\t<\/div>\n\t\t\t\t<div class=\"elementor-element elementor-element-4743fc9 elementor-widget elementor-widget-text-editor\" data-id=\"4743fc9\" data-element_type=\"widget\" data-e-type=\"widget\" data-widget_type=\"text-editor.default\">\n\t\t\t\t<div class=\"elementor-widget-container\">\n\t\t\t\t\t\t\t\t\t<p>Questa <strong>Politica sulla Privacy<\/strong> \u00e8 soggetta a modifiche periodiche. La informeremo di eventuali modifiche significative e le chiederemo di accettare la nuova versione.<\/p>\n\t\t\t\t\t\t\t\t<\/div>\n\t\t\t\t<\/div>\n\t\t\t\t\t<\/div>\n\t\t\t\t<\/div>\n\t\t<div class=\"elementor-element elementor-element-5a91a7b e-flex e-con-boxed wpr-particle-no wpr-jarallax-no wpr-parallax-no wpr-sticky-section-no e-con e-parent\" data-id=\"5a91a7b\" data-element_type=\"container\" data-e-type=\"container\">\n\t\t\t\t\t<div class=\"e-con-inner\">\n\t\t\t\t<div class=\"elementor-element elementor-element-aeec786 elementor-widget elementor-widget-heading\" data-id=\"aeec786\" data-element_type=\"widget\" data-e-type=\"widget\" data-widget_type=\"heading.default\">\n\t\t\t\t<div class=\"elementor-widget-container\">\n\t\t\t\t\t<h2 class=\"elementor-heading-title elementor-size-default\">9. Accettazione<\/h2>\t\t\t\t<\/div>\n\t\t\t\t<\/div>\n\t\t\t\t<div class=\"elementor-element elementor-element-4c97d17 elementor-widget elementor-widget-text-editor\" data-id=\"4c97d17\" data-element_type=\"widget\" data-e-type=\"widget\" data-widget_type=\"text-editor.default\">\n\t\t\t\t<div class=\"elementor-widget-container\">\n\t\t\t\t\t\t\t\t\t<p>Utilizzando il nostro sito web e i nostri servizi, l&#8217;utente acconsente al trattamento dei propri dati personali in conformit\u00e0 con questa <strong>Politica sulla Privacy<\/strong>.<\/p>\n\t\t\t\t\t\t\t\t<\/div>\n\t\t\t\t<\/div>\n\t\t\t\t\t<\/div>\n\t\t\t\t<\/div>\n\t\t\t\t<\/div>\n\t\t","protected":false},"excerpt":{"rendered":"<p>Politica sulla Privacy Yabisa, in qualit\u00e0 di Titolare del Trattamento, informa che, in conformit\u00e0 con quanto stabilito dal Regolamento (UE) 2016\/679, del 27 aprile (RGPD) e dalla Legge Organica 3\/2018, del 5 dicembre, sulla protezione dei dati e la garanzia dei diritti digitali (LOPDGDD), procederemo al trattamento dei suoi dati personali come descritto nella presente Politica sulla Privacy. In questa Politica sulla Privacy, le spieghiamo come raccogliamo, utilizziamo, proteggiamo e condividiamo i suoi dati personali, nonch\u00e9 i diritti che le spettano in relazione al trattamento dei suoi dati. Utilizzando il nostro sito web, accetta le disposizioni di questa Politica sulla Privacy e acconsente al trattamento dei suoi dati personali secondo i termini stabiliti. 1. Informazioni all&#8217;utente Yabisa si impegna a proteggere la privacy dei suoi utenti. In conformit\u00e0 con la normativa vigente, raccogliamo e trattiamo i dati personali che ci fornisce in modo legale, leale e trasparente. 2. Dati di contatto Denominazione sociale: YabisaTelefono: 626858976Email: yolandayabisa@hotmail.comIndirizzo: Buz\u00f3n 890, Can Curreu, 07840 Santa Eulalia del R\u00edo, Ibiza, BalearesWhatsapp: 626858976 3. Principi chiave Il trattamento dei suoi dati personali si basa sui seguenti principi: Legalit\u00e0: Raccogliamo i suoi dati personali solo per scopi specifici, espliciti e legittimi. Minimizzazione dei dati: Limitiamo la raccolta dei dati personali a quanto strettamente necessario per gli scopi previsti. Limitazione della finalit\u00e0: Raccogliamo i suoi dati personali solo per gli scopi stabiliti e in conformit\u00e0 con le sue preferenze. Precisione: Ci impegniamo a mantenere i suoi dati precisi e aggiornati. Sicurezza dei dati: Applichiamo misure tecniche e organizzative adeguate per garantire la sicurezza dei suoi dati. Accesso e rettifica: Le forniamo mezzi per accedere o rettificare i suoi dati quando lo ritiene necessario. Conservazione: Conserviamo i suoi dati personali solo per il tempo necessario agli scopi stabiliti. Trasferimenti internazionali: Qualora i suoi dati vengano trasferiti al di fuori dell&#8217;UE\/EEE, saranno adeguatamente protetti. Terzi: L&#8217;accesso e il trasferimento dei dati a terzi avvengono in conformit\u00e0 con le leggi e i regolamenti applicabili. 4. Raccolta e trattamento dei suoi dati personali I tipi di dati personali che possiamo raccogliere e trattare includono: Dati di identificazione: nome, indirizzo e-mail, numero di telefono, ecc. Dati tecnici: indirizzo IP, dati di navigazione, ecc. Questi dati vengono raccolti per i seguenti scopi: Fornire informazioni e servizi di interesse. Adempiere agli obblighi legali. Eseguire analisi del sito web per migliorare l&#8217;esperienza dell&#8217;utente. 5. Legittimit\u00e0 Il trattamento dei suoi dati personali sar\u00e0 lecito quando si verifichi una delle seguenti condizioni: Il suo consenso esplicito per il trattamento dei suoi dati. Un obbligo legale che giustifichi il trattamento. Un interesse legittimo, come la fornitura di servizi o comunicazioni commerciali. La necessit\u00e0 del trattamento per l&#8217;esecuzione di un contratto con lei. 6. Comunicazione dei dati personali Yabisa non effettuer\u00e0 cessioni di dati personali a terzi, salvo che per obbligo legale o quando necessario per la fornitura dei servizi, sempre in qualit\u00e0 di responsabile del trattamento. 7. I suoi diritti Lei ha il diritto di: Accedere ai suoi dati personali e ottenere informazioni sul trattamento. Rettificare i suoi dati personali inesatti. Cancellare i suoi dati personali quando non sono pi\u00f9 necessari. Limitare il trattamento dei suoi dati personali. Richiedere la portabilit\u00e0 dei suoi dati. Opporsi al trattamento dei suoi dati personali. Per esercitare questi diritti, pu\u00f2 contattarci via e-mail a yolandayabisa@hotmail.com. Inoltre, pu\u00f2 presentare un reclamo all&#8217;Autorit\u00e0 per la Protezione dei Dati competente se ritiene che il trattamento dei suoi dati non sia conforme alla normativa vigente. 8. Informazioni aggiuntive Questa Politica sulla Privacy \u00e8 soggetta a modifiche periodiche. La informeremo di eventuali modifiche significative e le chiederemo di accettare la nuova versione. 9. Accettazione Utilizzando il nostro sito web e i nostri servizi, l&#8217;utente acconsente al trattamento dei propri dati personali in conformit\u00e0 con questa Politica sulla Privacy.<\/p>\n","protected":false},"author":1,"featured_media":0,"parent":0,"menu_order":0,"comment_status":"closed","ping_status":"closed","template":"","meta":{"site-sidebar-layout":"no-sidebar","site-content-layout":"","ast-site-content-layout":"full-width-container","site-content-style":"default","site-sidebar-style":"default","ast-global-header-display":"","ast-banner-title-visibility":"","ast-main-header-display":"","ast-hfb-above-header-display":"","ast-hfb-below-header-display":"","ast-hfb-mobile-header-display":"","site-post-title":"disabled","ast-breadcrumbs-content":"","ast-featured-img":"disabled","footer-sml-layout":"","theme-transparent-header-meta":"","adv-header-id-meta":"","stick-header-meta":"","header-above-stick-meta":"","header-main-stick-meta":"","header-below-stick-meta":"","astra-migrate-meta-layouts":"default","ast-page-background-enabled":"default","ast-page-background-meta":{"desktop":{"background-color":"var(--ast-global-color-5)","background-image":"","background-repeat":"repeat","background-position":"center center","background-size":"auto","background-attachment":"scroll","background-type":"","background-media":"","overlay-type":"","overlay-color":"","overlay-opacity":"","overlay-gradient":""},"tablet":{"background-color":"","background-image":"","background-repeat":"repeat","background-position":"center center","background-size":"auto","background-attachment":"scroll","background-type":"","background-media":"","overlay-type":"","overlay-color":"","overlay-opacity":"","overlay-gradient":""},"mobile":{"background-color":"","background-image":"","background-repeat":"repeat","background-position":"center center","background-size":"auto","background-attachment":"scroll","background-type":"","background-media":"","overlay-type":"","overlay-color":"","overlay-opacity":"","overlay-gradient":""}},"ast-content-background-meta":{"desktop":{"background-color":"var(--ast-global-color-4)","background-image":"","background-repeat":"repeat","background-position":"center center","background-size":"auto","background-attachment":"scroll","background-type":"","background-media":"","overlay-type":"","overlay-color":"","overlay-opacity":"","overlay-gradient":""},"tablet":{"background-color":"var(--ast-global-color-4)","background-image":"","background-repeat":"repeat","background-position":"center center","background-size":"auto","background-attachment":"scroll","background-type":"","background-media":"","overlay-type":"","overlay-color":"","overlay-opacity":"","overlay-gradient":""},"mobile":{"background-color":"var(--ast-global-color-4)","background-image":"","background-repeat":"repeat","background-position":"center center","background-size":"auto","background-attachment":"scroll","background-type":"","background-media":"","overlay-type":"","overlay-color":"","overlay-opacity":"","overlay-gradient":""}},"footnotes":""},"class_list":["post-1824","page","type-page","status-publish","hentry"],"jetpack_sharing_enabled":true,"_links":{"self":[{"href":"https:\/\/yabissa.com\/it\/wp-json\/wp\/v2\/pages\/1824","targetHints":{"allow":["GET"]}}],"collection":[{"href":"https:\/\/yabissa.com\/it\/wp-json\/wp\/v2\/pages"}],"about":[{"href":"https:\/\/yabissa.com\/it\/wp-json\/wp\/v2\/types\/page"}],"author":[{"embeddable":true,"href":"https:\/\/yabissa.com\/it\/wp-json\/wp\/v2\/users\/1"}],"replies":[{"embeddable":true,"href":"https:\/\/yabissa.com\/it\/wp-json\/wp\/v2\/comments?post=1824"}],"version-history":[{"count":2,"href":"https:\/\/yabissa.com\/it\/wp-json\/wp\/v2\/pages\/1824\/revisions"}],"predecessor-version":[{"id":2573,"href":"https:\/\/yabissa.com\/it\/wp-json\/wp\/v2\/pages\/1824\/revisions\/2573"}],"wp:attachment":[{"href":"https:\/\/yabissa.com\/it\/wp-json\/wp\/v2\/media?parent=1824"}],"curies":[{"name":"wp","href":"https:\/\/api.w.org\/{rel}","templated":true}]}}