{"id":2744,"date":"2025-05-23T10:06:00","date_gmt":"2025-05-23T10:06:00","guid":{"rendered":"https:\/\/yabissa.com\/producto\/pack-de-3-extensions-de-plumes-naturelles-personnalise\/"},"modified":"2025-07-03T11:53:01","modified_gmt":"2025-07-03T11:53:01","slug":"pack-de-3-extensions-de-plumes-naturelles-personnalise","status":"publish","type":"product","link":"https:\/\/yabissa.com\/fr\/producto\/pack-de-3-extensions-de-plumes-naturelles-personnalise\/","title":{"rendered":"Pack de 3 extensions de plumes naturelles. Personnalis\u00e9"},"content":{"rendered":"<p data-start=\"53\" data-end=\"467\"><strong data-start=\"53\" data-end=\"228\">Si vous adorez les coiffures pleines de couleur, de personnalit\u00e9 et de style, ce pack de 3 extensions de plumes naturelles dans les tons de votre choix est fait pour vous.<\/strong><br data-start=\"228\" data-end=\"231\" \/>En combinant diff\u00e9rentes couleurs, ces plumes apportent une touche cr\u00e9ative et amusante \u00e0 vos cheveux \u2014 parfait pour briller lors de festivals, s\u00e9ances photo, concerts ou simplement pour exprimer votre style le plus libre et artistique.<\/p>\n<p data-start=\"469\" data-end=\"801\">Chaque plume est 100 % naturelle, s\u00e9lectionn\u00e9e \u00e0 la main pour sa qualit\u00e9, sa douceur et sa r\u00e9sistance. Elles mesurent entre 28 cm et plus de 35 cm, et sont fines, l\u00e9g\u00e8res et flexibles \u2014 id\u00e9ales comme m\u00e8ches d\u00e9coratives. Elles s\u2019int\u00e8grent facilement \u00e0 tous types de cheveux, apportant mouvement et un effet visuel original et unique.<\/p>\n<p data-start=\"803\" data-end=\"1012\">Ces extensions sont r\u00e9utilisables et durables, pouvant rester en place jusqu\u2019\u00e0 6 mois. Vous pouvez les laver, les lisser, les brosser et utiliser vos produits habituels sans alt\u00e9rer leur forme ni leur couleur.<\/p>\n<hr data-start=\"1014\" data-end=\"1017\" \/>\n<h3 class=\"\" data-start=\"1291\" data-end=\"1318\">\u2728<strong data-start=\"1019\" data-end=\"1045\">Que contient le pack ?<\/strong><\/h3>\n<ul data-start=\"1047\" data-end=\"1258\">\n<li data-start=\"1047\" data-end=\"1100\">\n<p data-start=\"1049\" data-end=\"1100\">3 plumes naturelles selon votre choix de couleurs<\/p>\n<\/li>\n<li data-start=\"1101\" data-end=\"1155\">\n<p data-start=\"1103\" data-end=\"1155\">3 micro-bagues dans la couleur de votre pr\u00e9f\u00e9rence<\/p>\n<\/li>\n<li data-start=\"1156\" data-end=\"1195\">\n<p data-start=\"1158\" data-end=\"1195\">1 enfile-fil pour faciliter la pose<\/p>\n<\/li>\n<li data-start=\"1196\" data-end=\"1258\">\n<p data-start=\"1198\" data-end=\"1258\">Une simple pince suffit pour installer les plumes facilement<\/p>\n<\/li>\n<\/ul>\n<hr data-start=\"1260\" data-end=\"1263\" \/>\n<h3 class=\"\" data-start=\"1560\" data-end=\"1587\">\u2714\ufe0f<strong data-start=\"1265\" data-end=\"1291\">Avantages principaux :<\/strong><\/h3>\n<ul data-start=\"1293\" data-end=\"1578\">\n<li data-start=\"1293\" data-end=\"1341\">\n<p data-start=\"1295\" data-end=\"1341\">Combinaison tricolore originale et \u00e9clatante<\/p>\n<\/li>\n<li data-start=\"1342\" data-end=\"1374\">\n<p data-start=\"1344\" data-end=\"1374\">Faciles \u00e0 poser et \u00e0 retirer<\/p>\n<\/li>\n<li data-start=\"1375\" data-end=\"1415\">\n<p data-start=\"1377\" data-end=\"1415\">Tr\u00e8s l\u00e9g\u00e8res, douces et confortables<\/p>\n<\/li>\n<li data-start=\"1416\" data-end=\"1465\">\n<p data-start=\"1418\" data-end=\"1465\">R\u00e9utilisables et r\u00e9sistantes (jusqu\u2019\u00e0 6 mois)<\/p>\n<\/li>\n<li data-start=\"1466\" data-end=\"1510\">\n<p data-start=\"1468\" data-end=\"1510\">Compatibles avec tous types de coiffures<\/p>\n<\/li>\n<li data-start=\"1511\" data-end=\"1578\">\n<p data-start=\"1513\" data-end=\"1578\">Id\u00e9ales pour les styles alternatifs, fantasy, boho ou de festival<\/p>\n<\/li>\n<\/ul>\n<p data-start=\"1580\" data-end=\"1861\">Ces plumes ne se contentent pas de transformer votre coiffure \u2014 elles refl\u00e8tent aussi votre personnalit\u00e9 et votre cr\u00e9ativit\u00e9. Un accessoire parfait pour celles et ceux qui aiment la couleur, l\u2019originalit\u00e9 et les d\u00e9tails uniques. Un cadeau id\u00e9al pour les personnes au style affirm\u00e9.<\/p>\n","protected":false},"excerpt":{"rendered":"<p>Pack de 3 plumes naturelles aux couleurs au choix. L\u00e9g\u00e8res, vibrantes et r\u00e9utilisables. Inclus : micro-bagues et enfile-fil pour une pose facile.<\/p>\n","protected":false},"featured_media":1920,"comment_status":"open","ping_status":"closed","template":"","meta":{"site-sidebar-layout":"default","site-content-layout":"","ast-site-content-layout":"default","site-content-style":"default","site-sidebar-style":"default","ast-global-header-display":"","ast-banner-title-visibility":"","ast-main-header-display":"","ast-hfb-above-header-display":"","ast-hfb-below-header-display":"","ast-hfb-mobile-header-display":"","site-post-title":"","ast-breadcrumbs-content":"","ast-featured-img":"","footer-sml-layout":"","theme-transparent-header-meta":"default","adv-header-id-meta":"","stick-header-meta":"","header-above-stick-meta":"","header-main-stick-meta":"","header-below-stick-meta":"","astra-migrate-meta-layouts":"default","ast-page-background-enabled":"default","ast-page-background-meta":{"desktop":{"background-color":"var(--ast-global-color-5)","background-image":"","background-repeat":"repeat","background-position":"center center","background-size":"auto","background-attachment":"scroll","background-type":"","background-media":"","overlay-type":"","overlay-color":"","overlay-opacity":"","overlay-gradient":""},"tablet":{"background-color":"","background-image":"","background-repeat":"repeat","background-position":"center center","background-size":"auto","background-attachment":"scroll","background-type":"","background-media":"","overlay-type":"","overlay-color":"","overlay-opacity":"","overlay-gradient":""},"mobile":{"background-color":"","background-image":"","background-repeat":"repeat","background-position":"center center","background-size":"auto","background-attachment":"scroll","background-type":"","background-media":"","overlay-type":"","overlay-color":"","overlay-opacity":"","overlay-gradient":""}},"ast-content-background-meta":{"desktop":{"background-color":"var(--ast-global-color-4)","background-image":"","background-repeat":"repeat","background-position":"center center","background-size":"auto","background-attachment":"scroll","background-type":"","background-media":"","overlay-type":"","overlay-color":"","overlay-opacity":"","overlay-gradient":""},"tablet":{"background-color":"var(--ast-global-color-4)","background-image":"","background-repeat":"repeat","background-position":"center center","background-size":"auto","background-attachment":"scroll","background-type":"","background-media":"","overlay-type":"","overlay-color":"","overlay-opacity":"","overlay-gradient":""},"mobile":{"background-color":"var(--ast-global-color-4)","background-image":"","background-repeat":"repeat","background-position":"center center","background-size":"auto","background-attachment":"scroll","background-type":"","background-media":"","overlay-type":"","overlay-color":"","overlay-opacity":"","overlay-gradient":""}}},"product_brand":[27],"product_cat":[100],"product_tag":[101,225],"class_list":{"0":"post-2744","1":"product","2":"type-product","3":"status-publish","4":"has-post-thumbnail","6":"product_brand-yabisa","7":"product_cat-packs-dextension","8":"product_tag-extensions-de-plumes","9":"product_tag-plumes-de-couleur","10":"desktop-align-left","11":"tablet-align-left","12":"mobile-align-left","13":"wcpa_has_options","15":"first","16":"instock","17":"shipping-taxable","18":"purchasable","19":"product-type-variable"},"jetpack_sharing_enabled":true,"_links":{"self":[{"href":"https:\/\/yabissa.com\/fr\/wp-json\/wp\/v2\/product\/2744","targetHints":{"allow":["GET"]}}],"collection":[{"href":"https:\/\/yabissa.com\/fr\/wp-json\/wp\/v2\/product"}],"about":[{"href":"https:\/\/yabissa.com\/fr\/wp-json\/wp\/v2\/types\/product"}],"replies":[{"embeddable":true,"href":"https:\/\/yabissa.com\/fr\/wp-json\/wp\/v2\/comments?post=2744"}],"wp:featuredmedia":[{"embeddable":true,"href":"https:\/\/yabissa.com\/fr\/wp-json\/wp\/v2\/media\/1920"}],"wp:attachment":[{"href":"https:\/\/yabissa.com\/fr\/wp-json\/wp\/v2\/media?parent=2744"}],"wp:term":[{"taxonomy":"product_brand","embeddable":true,"href":"https:\/\/yabissa.com\/fr\/wp-json\/wp\/v2\/product_brand?post=2744"},{"taxonomy":"product_cat","embeddable":true,"href":"https:\/\/yabissa.com\/fr\/wp-json\/wp\/v2\/product_cat?post=2744"},{"taxonomy":"product_tag","embeddable":true,"href":"https:\/\/yabissa.com\/fr\/wp-json\/wp\/v2\/product_tag?post=2744"}],"curies":[{"name":"wp","href":"https:\/\/api.w.org\/{rel}","templated":true}]}}