{"id":2682,"date":"2025-04-14T07:57:03","date_gmt":"2025-04-14T07:57:03","guid":{"rendered":"https:\/\/yabissa.com\/producto\/25-extensions-en-plumes-naturelles-melange-de-couleurs-naturelles\/"},"modified":"2025-07-03T12:36:11","modified_gmt":"2025-07-03T12:36:11","slug":"25-extensions-en-plumes-naturelles-melange-de-couleurs-naturelles","status":"publish","type":"product","link":"https:\/\/yabissa.com\/fr\/producto\/25-extensions-en-plumes-naturelles-melange-de-couleurs-naturelles\/","title":{"rendered":"25 extensions en plumes naturelles. M\u00e9lange de couleurs naturelles"},"content":{"rendered":"<p>Vous recherchez une touche naturelle, chaleureuse et originale pour vos cheveux ? Ce pack de 25 extensions en plumes naturelles dans des tons terre est fait pour vous. Il comprend une combinaison soigneusement s\u00e9lectionn\u00e9e de plumes dans des couleurs marron, beige, dor\u00e9, cuivre et blond fonc\u00e9, id\u00e9ales pour cr\u00e9er un style harmonieux, boh\u00e8me et \u00e9l\u00e9gant.<\/p>\n<p>Chaque plume est unique, avec des finitions lisses et ray\u00e9es, et mesure entre 28 cm et plus de 35 cm de long. Elles sont parfaites pour \u00eatre utilis\u00e9es comme m\u00e8ches d\u00e9coratives dans les cheveux, apportant mouvement, texture et personnalit\u00e9 sans avoir besoin de teintures ni de traitements chimiques.<\/p>\n<p>Gr\u00e2ce \u00e0 leur r\u00e9sistance naturelle, ces plumes peuvent \u00eatre lav\u00e9es, liss\u00e9es, bross\u00e9es et m\u00eame teint\u00e9es (en les couvrant de papier aluminium). Elles restent intactes pendant jusqu&rsquo;\u00e0 6 mois en place, et le meilleur de tout : elles sont r\u00e9utilisables ! Une fois retir\u00e9es, vous pouvez les r\u00e9utiliser autant de fois que vous le souhaitez sans perdre leur beaut\u00e9.<\/p>\n<h3 class=\"\" data-start=\"1287\" data-end=\"1320\">\u2728<strong>Caract\u00e9ristiques principales :<\/strong><\/h3>\n<ul>\n<li>Pack de 25 plumes naturelles authentiques<\/li>\n<li>Couleurs chaudes et neutres : marron, cuivre, beige, dor\u00e9, blond fonc\u00e9<\/li>\n<li>Longueur : 28 cm \u00e0 plus de 35 cm<\/li>\n<li>Styles ray\u00e9s et lisses, parfaits pour des combinaisons naturelles<\/li>\n<li>L\u00e9g\u00e8res, fines et r\u00e9sistantes, s&rsquo;int\u00e8grent facilement \u00e0 tous types de cheveux<\/li>\n<li>Compatibles avec des micro-bagues, des clips ou des adh\u00e9sifs<\/li>\n<li>Se peuvent \u00eatre lav\u00e9es, bross\u00e9es, liss\u00e9es et teint\u00e9es<\/li>\n<li>R\u00e9utilisables et durables (jusqu&rsquo;\u00e0 6 mois en place)<\/li>\n<\/ul>\n<h3 class=\"\" data-start=\"1822\" data-end=\"1852\">\ud83c\udf81<strong>QUE COMPREND VOTRE ACHAT ?<\/strong><\/h3>\n<ul>\n<li>25 micro-bagues (une par plume) de la couleur de votre choix<\/li>\n<li>Un enfile-fil pour faciliter l&rsquo;installation<\/li>\n<\/ul>\n<p>Il vous suffira d&rsquo;une pince pour compl\u00e9ter votre kit de pose.<\/p>\n<p>Vous pouvez sp\u00e9cifier la couleur des micro-bagues lors de votre commande (blond clair, blond, marron, marron fonc\u00e9, noir ou mixte), et nous pr\u00e9parerons votre pack sur mesure.<\/p>\n<p>Ces plumes ne sont pas seulement parfaites pour transformer votre look, elles peuvent \u00e9galement \u00eatre utilis\u00e9es dans des travaux manuels, des boucles d&rsquo;oreilles, des accessoires pour cheveux ou des cr\u00e9ations personnalis\u00e9es. Une option polyvalente et pleine de personnalit\u00e9, id\u00e9ale pour ceux qui aiment s&rsquo;exprimer \u00e0 travers leur style.<\/p>\n","protected":false},"excerpt":{"rendered":"<p>Pack de 25 plumes naturelles dans des tons terre (marron, beige, cuivre, dor\u00e9\u2026). Longues, fines et r\u00e9utilisables, parfaites pour \u00eatre utilis\u00e9es comme m\u00e8ches d\u00e9coratives dans les cheveux. Inclut 25 micro-bagues et un enfile-fil pour une installation facile.<\/p>\n","protected":false},"featured_media":2342,"comment_status":"open","ping_status":"closed","template":"","meta":{"site-sidebar-layout":"default","site-content-layout":"","ast-site-content-layout":"default","site-content-style":"default","site-sidebar-style":"default","ast-global-header-display":"","ast-banner-title-visibility":"","ast-main-header-display":"","ast-hfb-above-header-display":"","ast-hfb-below-header-display":"","ast-hfb-mobile-header-display":"","site-post-title":"","ast-breadcrumbs-content":"","ast-featured-img":"","footer-sml-layout":"","theme-transparent-header-meta":"default","adv-header-id-meta":"","stick-header-meta":"","header-above-stick-meta":"","header-main-stick-meta":"","header-below-stick-meta":"","astra-migrate-meta-layouts":"default","ast-page-background-enabled":"default","ast-page-background-meta":{"desktop":{"background-color":"var(--ast-global-color-5)","background-image":"","background-repeat":"repeat","background-position":"center center","background-size":"auto","background-attachment":"scroll","background-type":"","background-media":"","overlay-type":"","overlay-color":"","overlay-opacity":"","overlay-gradient":""},"tablet":{"background-color":"","background-image":"","background-repeat":"repeat","background-position":"center center","background-size":"auto","background-attachment":"scroll","background-type":"","background-media":"","overlay-type":"","overlay-color":"","overlay-opacity":"","overlay-gradient":""},"mobile":{"background-color":"","background-image":"","background-repeat":"repeat","background-position":"center center","background-size":"auto","background-attachment":"scroll","background-type":"","background-media":"","overlay-type":"","overlay-color":"","overlay-opacity":"","overlay-gradient":""}},"ast-content-background-meta":{"desktop":{"background-color":"var(--ast-global-color-4)","background-image":"","background-repeat":"repeat","background-position":"center center","background-size":"auto","background-attachment":"scroll","background-type":"","background-media":"","overlay-type":"","overlay-color":"","overlay-opacity":"","overlay-gradient":""},"tablet":{"background-color":"var(--ast-global-color-4)","background-image":"","background-repeat":"repeat","background-position":"center center","background-size":"auto","background-attachment":"scroll","background-type":"","background-media":"","overlay-type":"","overlay-color":"","overlay-opacity":"","overlay-gradient":""},"mobile":{"background-color":"var(--ast-global-color-4)","background-image":"","background-repeat":"repeat","background-position":"center center","background-size":"auto","background-attachment":"scroll","background-type":"","background-media":"","overlay-type":"","overlay-color":"","overlay-opacity":"","overlay-gradient":""}}},"product_brand":[27],"product_cat":[147],"product_tag":[220,148],"class_list":{"0":"post-2682","1":"product","2":"type-product","3":"status-publish","4":"has-post-thumbnail","6":"product_brand-yabisa","7":"product_cat-packs-de-plumes-en-gros","8":"product_tag-extensions-en-plumes-boho","9":"product_tag-plumes-naturelles-pour-cheveux","10":"desktop-align-left","11":"tablet-align-left","12":"mobile-align-left","13":"wcpa_has_options","15":"first","16":"instock","17":"shipping-taxable","18":"purchasable","19":"product-type-variable"},"jetpack_sharing_enabled":true,"_links":{"self":[{"href":"https:\/\/yabissa.com\/fr\/wp-json\/wp\/v2\/product\/2682","targetHints":{"allow":["GET"]}}],"collection":[{"href":"https:\/\/yabissa.com\/fr\/wp-json\/wp\/v2\/product"}],"about":[{"href":"https:\/\/yabissa.com\/fr\/wp-json\/wp\/v2\/types\/product"}],"replies":[{"embeddable":true,"href":"https:\/\/yabissa.com\/fr\/wp-json\/wp\/v2\/comments?post=2682"}],"wp:featuredmedia":[{"embeddable":true,"href":"https:\/\/yabissa.com\/fr\/wp-json\/wp\/v2\/media\/2342"}],"wp:attachment":[{"href":"https:\/\/yabissa.com\/fr\/wp-json\/wp\/v2\/media?parent=2682"}],"wp:term":[{"taxonomy":"product_brand","embeddable":true,"href":"https:\/\/yabissa.com\/fr\/wp-json\/wp\/v2\/product_brand?post=2682"},{"taxonomy":"product_cat","embeddable":true,"href":"https:\/\/yabissa.com\/fr\/wp-json\/wp\/v2\/product_cat?post=2682"},{"taxonomy":"product_tag","embeddable":true,"href":"https:\/\/yabissa.com\/fr\/wp-json\/wp\/v2\/product_tag?post=2682"}],"curies":[{"name":"wp","href":"https:\/\/api.w.org\/{rel}","templated":true}]}}