{"id":2676,"date":"2025-04-14T09:12:55","date_gmt":"2025-04-14T09:12:55","guid":{"rendered":"https:\/\/yabissa.com\/producto\/50-extensions-en-plumes-naturelles-melange-de-couleurs-naturelles-et-fantaisie\/"},"modified":"2025-07-03T12:33:09","modified_gmt":"2025-07-03T12:33:09","slug":"50-extensions-en-plumes-naturelles-melange-de-couleurs-naturelles-et-fantaisie","status":"publish","type":"product","link":"https:\/\/yabissa.com\/fr\/producto\/50-extensions-en-plumes-naturelles-melange-de-couleurs-naturelles-et-fantaisie\/","title":{"rendered":"50 extensions en plumes naturelles. M\u00e9lange de couleurs naturelles et fantaisie"},"content":{"rendered":"<p>Ce pack de 50 extensions en plumes naturelles est le m\u00e9lange parfait entre subtilit\u00e9 et audace. En combinant des plumes dans des tons terre (marron, beige, cuivre, blond fonc\u00e9\u2026) avec des plumes dans des couleurs vives (rose, bleu, violet, turquoise, fuchsia\u2026), vous obtenez un look totalement unique qui se distingue par son \u00e9quilibre entre le naturel et la cr\u00e9ativit\u00e9.<\/p>\n<p>Chaque plume est authentique, l\u00e9g\u00e8re et flexible, soigneusement s\u00e9lectionn\u00e9e pour garantir sa qualit\u00e9 et sa beaut\u00e9. Elles mesurent entre 28 cm et plus de 35 cm, et pr\u00e9sentent des finitions lisses et ray\u00e9es qui ajoutent du dynamisme et du mouvement aux cheveux. Elles sont id\u00e9ales pour \u00eatre utilis\u00e9es comme m\u00e8ches d\u00e9coratives, apportant un style boh\u00e8me, hippie, festival ou fantaisie, adapt\u00e9 \u00e0 votre personnalit\u00e9.<\/p>\n<p>Ces plumes sont tr\u00e8s r\u00e9sistantes et r\u00e9utilisables, et peuvent rester en place jusqu&rsquo;\u00e0 6 mois sans perdre leur forme ni leur couleur. Elles s&rsquo;int\u00e8grent parfaitement aux cheveux et vous pouvez les utiliser m\u00eame avec des produits capillaires.<\/p>\n<h3 class=\"\" data-start=\"1258\" data-end=\"1291\">\u2728<strong>Caract\u00e9ristiques principales :<\/strong><\/h3>\n<ul>\n<li>Pack de 50 plumes naturelles authentiques<\/li>\n<li>M\u00e9lange \u00e9quilibr\u00e9 de tons terre et couleurs vives<\/li>\n<li>Longueur de 28 cm \u00e0 plus de 35 cm<\/li>\n<li>Styles ray\u00e9s et lisses, combin\u00e9s<\/li>\n<li>Fines, flexibles et l\u00e9g\u00e8res, id\u00e9ales pour les cheveux<\/li>\n<li>Se peuvent \u00eatre lav\u00e9es, bross\u00e9es, liss\u00e9es et teintes (en les couvrant de papier aluminium)<\/li>\n<li>R\u00e9utilisables et de longue dur\u00e9e (jusqu&rsquo;\u00e0 6 mois en place)<\/li>\n<li>Compatibles avec des micro-bagues, des clips ou des adh\u00e9sifs<\/li>\n<\/ul>\n<h3 class=\"\" data-start=\"1753\" data-end=\"1783\">\ud83c\udf81\u00a0<strong>QUE COMPREND VOTRE ACHAT ?<\/strong><\/h3>\n<ul>\n<li>50 micro-bagues de la couleur de votre choix (une par plume)<\/li>\n<li>1 enfile-fil pour faciliter l&rsquo;installation<\/li>\n<\/ul>\n<p>Il vous suffira d&rsquo;une pince pour compl\u00e9ter votre kit et commencer \u00e0 porter vos plumes facilement.<\/p>\n<p>Parfaites pour le quotidien ou pour des occasions sp\u00e9ciales comme des festivals, des s\u00e9ances photo, des mariages, des \u00e9v\u00e9nements cr\u00e9atifs ou des escapades estivales. Elles sont \u00e9galement une excellente option pour les travaux manuels, les accessoires pour cheveux, les boucles d&rsquo;oreilles ou les cr\u00e9ations artisanales.<\/p>\n","protected":false},"excerpt":{"rendered":"<p>Pack de 50 plumas naturales dans un m\u00e9lange de tons terre et couleurs vives. Longues, fines, r\u00e9utilisables et parfaites pour des m\u00e8ches d\u00e9coratives dans les cheveux. Inclut des micro-bagues et un enfile-fil pour faciliter leur installation.<\/p>\n","protected":false},"featured_media":2673,"comment_status":"open","ping_status":"closed","template":"","meta":{"site-sidebar-layout":"default","site-content-layout":"","ast-site-content-layout":"default","site-content-style":"default","site-sidebar-style":"default","ast-global-header-display":"","ast-banner-title-visibility":"","ast-main-header-display":"","ast-hfb-above-header-display":"","ast-hfb-below-header-display":"","ast-hfb-mobile-header-display":"","site-post-title":"","ast-breadcrumbs-content":"","ast-featured-img":"","footer-sml-layout":"","theme-transparent-header-meta":"default","adv-header-id-meta":"","stick-header-meta":"","header-above-stick-meta":"","header-main-stick-meta":"","header-below-stick-meta":"","astra-migrate-meta-layouts":"default","ast-page-background-enabled":"default","ast-page-background-meta":{"desktop":{"background-color":"var(--ast-global-color-5)","background-image":"","background-repeat":"repeat","background-position":"center center","background-size":"auto","background-attachment":"scroll","background-type":"","background-media":"","overlay-type":"","overlay-color":"","overlay-opacity":"","overlay-gradient":""},"tablet":{"background-color":"","background-image":"","background-repeat":"repeat","background-position":"center center","background-size":"auto","background-attachment":"scroll","background-type":"","background-media":"","overlay-type":"","overlay-color":"","overlay-opacity":"","overlay-gradient":""},"mobile":{"background-color":"","background-image":"","background-repeat":"repeat","background-position":"center center","background-size":"auto","background-attachment":"scroll","background-type":"","background-media":"","overlay-type":"","overlay-color":"","overlay-opacity":"","overlay-gradient":""}},"ast-content-background-meta":{"desktop":{"background-color":"var(--ast-global-color-4)","background-image":"","background-repeat":"repeat","background-position":"center center","background-size":"auto","background-attachment":"scroll","background-type":"","background-media":"","overlay-type":"","overlay-color":"","overlay-opacity":"","overlay-gradient":""},"tablet":{"background-color":"var(--ast-global-color-4)","background-image":"","background-repeat":"repeat","background-position":"center center","background-size":"auto","background-attachment":"scroll","background-type":"","background-media":"","overlay-type":"","overlay-color":"","overlay-opacity":"","overlay-gradient":""},"mobile":{"background-color":"var(--ast-global-color-4)","background-image":"","background-repeat":"repeat","background-position":"center center","background-size":"auto","background-attachment":"scroll","background-type":"","background-media":"","overlay-type":"","overlay-color":"","overlay-opacity":"","overlay-gradient":""}}},"product_brand":[27],"product_cat":[147],"product_tag":[101,211],"class_list":{"0":"post-2676","1":"product","2":"type-product","3":"status-publish","4":"has-post-thumbnail","6":"product_brand-yabisa","7":"product_cat-packs-de-plumes-en-gros","8":"product_tag-extensions-de-plumes","9":"product_tag-plumes-pour-cheveux-colorees","10":"desktop-align-left","11":"tablet-align-left","12":"mobile-align-left","13":"wcpa_has_options","15":"first","16":"instock","17":"shipping-taxable","18":"purchasable","19":"product-type-variable"},"jetpack_sharing_enabled":true,"_links":{"self":[{"href":"https:\/\/yabissa.com\/fr\/wp-json\/wp\/v2\/product\/2676","targetHints":{"allow":["GET"]}}],"collection":[{"href":"https:\/\/yabissa.com\/fr\/wp-json\/wp\/v2\/product"}],"about":[{"href":"https:\/\/yabissa.com\/fr\/wp-json\/wp\/v2\/types\/product"}],"replies":[{"embeddable":true,"href":"https:\/\/yabissa.com\/fr\/wp-json\/wp\/v2\/comments?post=2676"}],"wp:featuredmedia":[{"embeddable":true,"href":"https:\/\/yabissa.com\/fr\/wp-json\/wp\/v2\/media\/2673"}],"wp:attachment":[{"href":"https:\/\/yabissa.com\/fr\/wp-json\/wp\/v2\/media?parent=2676"}],"wp:term":[{"taxonomy":"product_brand","embeddable":true,"href":"https:\/\/yabissa.com\/fr\/wp-json\/wp\/v2\/product_brand?post=2676"},{"taxonomy":"product_cat","embeddable":true,"href":"https:\/\/yabissa.com\/fr\/wp-json\/wp\/v2\/product_cat?post=2676"},{"taxonomy":"product_tag","embeddable":true,"href":"https:\/\/yabissa.com\/fr\/wp-json\/wp\/v2\/product_tag?post=2676"}],"curies":[{"name":"wp","href":"https:\/\/api.w.org\/{rel}","templated":true}]}}