{"id":2633,"date":"2025-04-14T11:29:35","date_gmt":"2025-04-14T11:29:35","guid":{"rendered":"https:\/\/yabissa.com\/producto\/clip-de-plumes-amovible-rose\/"},"modified":"2025-04-14T11:29:35","modified_gmt":"2025-04-14T11:29:35","slug":"clip-de-plumes-amovible-rose","status":"publish","type":"product","link":"https:\/\/yabissa.com\/fr\/producto\/clip-de-plumes-amovible-rose\/","title":{"rendered":"Clip de plumes amovible. Rose"},"content":{"rendered":"<p>Apportez une touche romantique, f\u00e9minine et originale \u00e0 votre look avec ce clip de plumes amovible dans des tons ros\u00e9s. Parfait pour des coiffures boh\u00e8mes, de festival ou simplement pour celles et ceux qui aiment s&rsquo;exprimer \u00e0 travers la couleur, cet accessoire combine des plumes naturelles dans des nuances de rose doux, fuchsia, vin et pastels, cr\u00e9ant un effet visuel d\u00e9licat mais plein de personnalit\u00e9.<\/p>\n<p>Chaque plume est naturelle, fine et l\u00e9g\u00e8re, soigneusement s\u00e9lectionn\u00e9e pour cr\u00e9er une finition harmonieuse. Le clip m\u00e9tallique inclus permet une installation rapide et s\u00e9curis\u00e9e, sans outils, adh\u00e9sifs ni micro-bagues. Vous pourrez le poser et l&rsquo;enlever en quelques secondes, l&rsquo;adaptant \u00e0 votre look quotidien ou \u00e0 des occasions sp\u00e9ciales comme des s\u00e9ances photo, des \u00e9v\u00e9nements cr\u00e9atifs ou des sorties styl\u00e9es.<\/p>\n<h3 class=\"\" data-start=\"1058\" data-end=\"1091\">\u2728<strong>Caract\u00e9ristiques principales :<\/strong><\/h3>\n<ul>\n<li>Plumes naturelles authentiques<\/li>\n<li>Nuances : rose, fuchsia, pastel, vin et combinaisons harmonieuses<\/li>\n<li>Longueur des plumes : 28 \u00e0 35 cm environ<\/li>\n<li>Clip m\u00e9tallique r\u00e9sistant, discret et confortable<\/li>\n<li>Installation rapide sans outils<\/li>\n<li>R\u00e9utilisable et facile \u00e0 assortir \u00e0 diff\u00e9rentes coiffures<\/li>\n<li>Adapt\u00e9 \u00e0 tous les types de cheveux : cheveux l\u00e2ch\u00e9s, tresses, queues de cheval ou chignons<\/li>\n<li>Id\u00e9al pour des styles boh\u00e8mes, romantiques ou alternatifs<\/li>\n<\/ul>\n<p>Ce clip est parfait si vous recherchez un d\u00e9tail color\u00e9 et naturel \u00e0 porter quand vous le souhaitez, sans engagement. Ajoutez-le \u00e0 votre coiffure et laissez les plumes faire leur magie.<\/p>\n","protected":false},"excerpt":{"rendered":"<p>Clip de plumes naturelles dans des tons ros\u00e9s (rose, fuchsia, pastel). R\u00e9utilisable, facile \u00e0 poser et \u00e0 retirer. Id\u00e9al pour apporter une touche boh\u00e8me et romantique aux cheveux.<\/p>\n","protected":false},"featured_media":2624,"comment_status":"open","ping_status":"closed","template":"","meta":{"site-sidebar-layout":"default","site-content-layout":"","ast-site-content-layout":"default","site-content-style":"default","site-sidebar-style":"default","ast-global-header-display":"","ast-banner-title-visibility":"","ast-main-header-display":"","ast-hfb-above-header-display":"","ast-hfb-below-header-display":"","ast-hfb-mobile-header-display":"","site-post-title":"","ast-breadcrumbs-content":"","ast-featured-img":"","footer-sml-layout":"","theme-transparent-header-meta":"default","adv-header-id-meta":"","stick-header-meta":"","header-above-stick-meta":"","header-main-stick-meta":"","header-below-stick-meta":"","astra-migrate-meta-layouts":"default","ast-page-background-enabled":"default","ast-page-background-meta":{"desktop":{"background-color":"var(--ast-global-color-5)","background-image":"","background-repeat":"repeat","background-position":"center center","background-size":"auto","background-attachment":"scroll","background-type":"","background-media":"","overlay-type":"","overlay-color":"","overlay-opacity":"","overlay-gradient":""},"tablet":{"background-color":"","background-image":"","background-repeat":"repeat","background-position":"center center","background-size":"auto","background-attachment":"scroll","background-type":"","background-media":"","overlay-type":"","overlay-color":"","overlay-opacity":"","overlay-gradient":""},"mobile":{"background-color":"","background-image":"","background-repeat":"repeat","background-position":"center center","background-size":"auto","background-attachment":"scroll","background-type":"","background-media":"","overlay-type":"","overlay-color":"","overlay-opacity":"","overlay-gradient":""}},"ast-content-background-meta":{"desktop":{"background-color":"var(--ast-global-color-4)","background-image":"","background-repeat":"repeat","background-position":"center center","background-size":"auto","background-attachment":"scroll","background-type":"","background-media":"","overlay-type":"","overlay-color":"","overlay-opacity":"","overlay-gradient":""},"tablet":{"background-color":"var(--ast-global-color-4)","background-image":"","background-repeat":"repeat","background-position":"center center","background-size":"auto","background-attachment":"scroll","background-type":"","background-media":"","overlay-type":"","overlay-color":"","overlay-opacity":"","overlay-gradient":""},"mobile":{"background-color":"var(--ast-global-color-4)","background-image":"","background-repeat":"repeat","background-position":"center center","background-size":"auto","background-attachment":"scroll","background-type":"","background-media":"","overlay-type":"","overlay-color":"","overlay-opacity":"","overlay-gradient":""}}},"product_brand":[27],"product_cat":[197],"product_tag":[198,199],"class_list":{"0":"post-2633","1":"product","2":"type-product","3":"status-publish","4":"has-post-thumbnail","6":"product_brand-yabisa","7":"product_cat-clips-de-plumes","8":"product_tag-clip-de-plumes","9":"product_tag-plumes-roses-cheveux","10":"desktop-align-left","11":"tablet-align-left","12":"mobile-align-left","14":"first","15":"instock","16":"shipping-taxable","17":"purchasable","18":"product-type-simple"},"jetpack_sharing_enabled":true,"_links":{"self":[{"href":"https:\/\/yabissa.com\/fr\/wp-json\/wp\/v2\/product\/2633","targetHints":{"allow":["GET"]}}],"collection":[{"href":"https:\/\/yabissa.com\/fr\/wp-json\/wp\/v2\/product"}],"about":[{"href":"https:\/\/yabissa.com\/fr\/wp-json\/wp\/v2\/types\/product"}],"replies":[{"embeddable":true,"href":"https:\/\/yabissa.com\/fr\/wp-json\/wp\/v2\/comments?post=2633"}],"wp:featuredmedia":[{"embeddable":true,"href":"https:\/\/yabissa.com\/fr\/wp-json\/wp\/v2\/media\/2624"}],"wp:attachment":[{"href":"https:\/\/yabissa.com\/fr\/wp-json\/wp\/v2\/media?parent=2633"}],"wp:term":[{"taxonomy":"product_brand","embeddable":true,"href":"https:\/\/yabissa.com\/fr\/wp-json\/wp\/v2\/product_brand?post=2633"},{"taxonomy":"product_cat","embeddable":true,"href":"https:\/\/yabissa.com\/fr\/wp-json\/wp\/v2\/product_cat?post=2633"},{"taxonomy":"product_tag","embeddable":true,"href":"https:\/\/yabissa.com\/fr\/wp-json\/wp\/v2\/product_tag?post=2633"}],"curies":[{"name":"wp","href":"https:\/\/api.w.org\/{rel}","templated":true}]}}