{"id":2620,"date":"2025-04-14T11:44:59","date_gmt":"2025-04-14T11:44:59","guid":{"rendered":"https:\/\/yabissa.com\/producto\/enfile-fil-pour-extensions-de-plumes\/"},"modified":"2025-07-03T12:29:22","modified_gmt":"2025-07-03T12:29:22","slug":"enfile-fil-pour-extensions-de-plumes","status":"publish","type":"product","link":"https:\/\/yabissa.com\/fr\/producto\/enfile-fil-pour-extensions-de-plumes\/","title":{"rendered":"Enfile-fil pour extensions de plumes"},"content":{"rendered":"<p>Vous souhaitez poser vos extensions en plumes rapidement, facilement et professionnellement ? Cet enfile-fil pour extensions est l&rsquo;outil indispensable pour appliquer des micro-bagues de mani\u00e8re confortable et sans effort. Son design pratique et fonctionnel vous permettra de gagner du temps et d&rsquo;obtenir un r\u00e9sultat propre et pr\u00e9cis \u00e0 chaque installation.<\/p>\n<p>Particuli\u00e8rement utile pour les extensions en plumes, cet enfile-fil est compatible avec tous les types de micro-bagues et anneaux, et fonctionne parfaitement avec des plumes naturelles fines et l\u00e9g\u00e8res. Il est id\u00e9al aussi bien pour un usage personnel que pour les coiffeurs et professionnels travaillant avec ce type d&rsquo;extensions.<\/p>\n<h3 class=\"\" data-start=\"972\" data-end=\"1005\">\u2728<strong>Caract\u00e9ristiques principales :<\/strong><\/h3>\n<ul>\n<li>Outil sp\u00e9cifique pour extensions en plumes<\/li>\n<li>Facilite le passage des cheveux ou des plumes \u00e0 travers la micro-bague<\/li>\n<li>Convient pour les micro-bagues avec ou sans silicone<\/li>\n<li>Compatible avec tous les types de cheveux et plumes naturelles<\/li>\n<li>Poign\u00e9e confortable et design l\u00e9ger<\/li>\n<li>Facile \u00e0 utiliser, m\u00eame si c&rsquo;est votre premi\u00e8re fois<\/li>\n<li>Id\u00e9al pour un usage personnel ou professionnel<\/li>\n<\/ul>\n<p>Cet enfile-fil est le compl\u00e9ment parfait pour appliquer des extensions avec pr\u00e9cision et sans tiraillements. Combinez-le avec nos plumes naturelles, micro-bagues et clips pour obtenir un kit complet d&rsquo;installation et transformer votre style en quelques minutes.<\/p>\n","protected":false},"excerpt":{"rendered":"<p>Enfile-fil pour extensions de plumes. Id\u00e9al pour faire passer les cheveux ou les plumes \u00e0 travers la micro-bague rapidement, confortablement et sans effort. L\u00e9ger et facile \u00e0 utiliser.<\/p>\n","protected":false},"featured_media":2617,"comment_status":"open","ping_status":"closed","template":"","meta":{"site-sidebar-layout":"default","site-content-layout":"","ast-site-content-layout":"default","site-content-style":"default","site-sidebar-style":"default","ast-global-header-display":"","ast-banner-title-visibility":"","ast-main-header-display":"","ast-hfb-above-header-display":"","ast-hfb-below-header-display":"","ast-hfb-mobile-header-display":"","site-post-title":"","ast-breadcrumbs-content":"","ast-featured-img":"","footer-sml-layout":"","theme-transparent-header-meta":"default","adv-header-id-meta":"","stick-header-meta":"","header-above-stick-meta":"","header-main-stick-meta":"","header-below-stick-meta":"","astra-migrate-meta-layouts":"default","ast-page-background-enabled":"default","ast-page-background-meta":{"desktop":{"background-color":"var(--ast-global-color-5)","background-image":"","background-repeat":"repeat","background-position":"center center","background-size":"auto","background-attachment":"scroll","background-type":"","background-media":"","overlay-type":"","overlay-color":"","overlay-opacity":"","overlay-gradient":""},"tablet":{"background-color":"","background-image":"","background-repeat":"repeat","background-position":"center center","background-size":"auto","background-attachment":"scroll","background-type":"","background-media":"","overlay-type":"","overlay-color":"","overlay-opacity":"","overlay-gradient":""},"mobile":{"background-color":"","background-image":"","background-repeat":"repeat","background-position":"center center","background-size":"auto","background-attachment":"scroll","background-type":"","background-media":"","overlay-type":"","overlay-color":"","overlay-opacity":"","overlay-gradient":""}},"ast-content-background-meta":{"desktop":{"background-color":"var(--ast-global-color-4)","background-image":"","background-repeat":"repeat","background-position":"center center","background-size":"auto","background-attachment":"scroll","background-type":"","background-media":"","overlay-type":"","overlay-color":"","overlay-opacity":"","overlay-gradient":""},"tablet":{"background-color":"var(--ast-global-color-4)","background-image":"","background-repeat":"repeat","background-position":"center center","background-size":"auto","background-attachment":"scroll","background-type":"","background-media":"","overlay-type":"","overlay-color":"","overlay-opacity":"","overlay-gradient":""},"mobile":{"background-color":"var(--ast-global-color-4)","background-image":"","background-repeat":"repeat","background-position":"center center","background-size":"auto","background-attachment":"scroll","background-type":"","background-media":"","overlay-type":"","overlay-color":"","overlay-opacity":"","overlay-gradient":""}}},"product_brand":[27],"product_cat":[188],"product_tag":[189,101],"class_list":{"0":"post-2620","1":"product","2":"type-product","3":"status-publish","4":"has-post-thumbnail","6":"product_brand-yabisa","7":"product_cat-outils","8":"product_tag-enfile-fil-pour-extensions","9":"product_tag-extensions-de-plumes","10":"desktop-align-left","11":"tablet-align-left","12":"mobile-align-left","14":"first","15":"instock","16":"shipping-taxable","17":"purchasable","18":"product-type-simple"},"jetpack_sharing_enabled":true,"_links":{"self":[{"href":"https:\/\/yabissa.com\/fr\/wp-json\/wp\/v2\/product\/2620","targetHints":{"allow":["GET"]}}],"collection":[{"href":"https:\/\/yabissa.com\/fr\/wp-json\/wp\/v2\/product"}],"about":[{"href":"https:\/\/yabissa.com\/fr\/wp-json\/wp\/v2\/types\/product"}],"replies":[{"embeddable":true,"href":"https:\/\/yabissa.com\/fr\/wp-json\/wp\/v2\/comments?post=2620"}],"wp:featuredmedia":[{"embeddable":true,"href":"https:\/\/yabissa.com\/fr\/wp-json\/wp\/v2\/media\/2617"}],"wp:attachment":[{"href":"https:\/\/yabissa.com\/fr\/wp-json\/wp\/v2\/media?parent=2620"}],"wp:term":[{"taxonomy":"product_brand","embeddable":true,"href":"https:\/\/yabissa.com\/fr\/wp-json\/wp\/v2\/product_brand?post=2620"},{"taxonomy":"product_cat","embeddable":true,"href":"https:\/\/yabissa.com\/fr\/wp-json\/wp\/v2\/product_cat?post=2620"},{"taxonomy":"product_tag","embeddable":true,"href":"https:\/\/yabissa.com\/fr\/wp-json\/wp\/v2\/product_tag?post=2620"}],"curies":[{"name":"wp","href":"https:\/\/api.w.org\/{rel}","templated":true}]}}