{"id":2402,"date":"2025-04-15T08:53:32","date_gmt":"2025-04-15T08:53:32","guid":{"rendered":"https:\/\/yabissa.com\/producto\/pack-de-3-extensions-en-plumes-naturelles-kaki\/"},"modified":"2025-07-03T12:18:29","modified_gmt":"2025-07-03T12:18:29","slug":"pack-de-3-extensions-en-plumes-naturelles-kaki","status":"publish","type":"product","link":"https:\/\/yabissa.com\/fr\/producto\/pack-de-3-extensions-en-plumes-naturelles-kaki\/","title":{"rendered":"Pack de 3 extensions en plumes naturelles. Kaki"},"content":{"rendered":"<p>Ajoutez une touche unique et \u00e9l\u00e9gante \u00e0 votre coiffure avec ce pack de 3 extensions en plumes naturelles de couleur kaki. Sa teinte douce, terreuse et polyvalente s\u2019adapte parfaitement aux chevelures blondes, ch\u00e2tains ou cuivr\u00e9es, apportant un fini naturel, boh\u00e8me et avec du caract\u00e8re sans avoir besoin de teindre ou d\u2019alt\u00e9rer vos cheveux.<\/p>\n<p>Chaque plume est 100 % naturelle, s\u00e9lectionn\u00e9e \u00e0 la main pour sa qualit\u00e9 et sa beaut\u00e9. L\u00e9g\u00e8res, fines et flexibles, elles mesurent entre 28 cm et plus de 35 cm, id\u00e9ales pour \u00eatre utilis\u00e9es comme m\u00e8ches d\u00e9coratives. Gr\u00e2ce \u00e0 leur texture douce et leur r\u00e9sistance, elles s\u2019int\u00e8grent facilement dans tous les types de coiffures, des chignons aux cheveux l\u00e2ch\u00e9s ou tress\u00e9s.<\/p>\n<p>Ces plumes sont r\u00e9utilisables et tr\u00e8s durables : elles peuvent rester en place jusqu\u2019\u00e0 6 mois, supportant lavages, lissage, s\u00e9chage et l\u2019utilisation de produits capillaires sans se d\u00e9t\u00e9riorer.<\/p>\n<h3 class=\"\" data-start=\"1144\" data-end=\"1171\">\u2728\u00a0<strong>Que contient le pack ?<\/strong><\/h3>\n<ul>\n<li>3 plumes naturelles de couleur kaki<\/li>\n<li>3 micro-bagues de la couleur de votre choix<\/li>\n<li>1 enfile-fil pour faciliter l\u2019installation<\/li>\n<\/ul>\n<p>Il vous suffira d&rsquo;une pince pour fermer les micro-bagues.<\/p>\n<h3 class=\"\" data-start=\"1381\" data-end=\"1408\">\u2714\ufe0f<strong>Avantages principaux :<\/strong><\/h3>\n<ul>\n<li>Couleur kaki : naturelle, neutre et facile \u00e0 assortir<\/li>\n<li>Parfaites pour des coiffures boh\u00e8mes, discr\u00e8tes ou naturelles<\/li>\n<li>Faciles \u00e0 poser et \u00e0 retirer<\/li>\n<li>Tr\u00e8s l\u00e9g\u00e8res et confortables<\/li>\n<li>R\u00e9utilisables et r\u00e9sistantes (jusqu&rsquo;\u00e0 6 mois en place)<\/li>\n<li>Convient \u00e0 tous les types de cheveux<\/li>\n<\/ul>\n<p>Id\u00e9ales pour celles et ceux qui souhaitent mettre en valeur leur style avec un d\u00e9tail naturel, original et sans engagement. Parfaites pour le quotidien, les occasions sp\u00e9ciales ou comme cadeau cr\u00e9atif et styl\u00e9.<\/p>\n","protected":false},"excerpt":{"rendered":"<p>Pack de 3 plumes naturelles de couleur kaki. L\u00e9g\u00e8res, r\u00e9utilisables et faciles \u00e0 poser comme m\u00e8ches d\u00e9coratives. Inclut des micro-bagues et un enfile-fil.<\/p>\n","protected":false},"featured_media":2372,"comment_status":"open","ping_status":"closed","template":"","meta":{"site-sidebar-layout":"default","site-content-layout":"","ast-site-content-layout":"default","site-content-style":"default","site-sidebar-style":"default","ast-global-header-display":"","ast-banner-title-visibility":"","ast-main-header-display":"","ast-hfb-above-header-display":"","ast-hfb-below-header-display":"","ast-hfb-mobile-header-display":"","site-post-title":"","ast-breadcrumbs-content":"","ast-featured-img":"","footer-sml-layout":"","theme-transparent-header-meta":"default","adv-header-id-meta":"","stick-header-meta":"","header-above-stick-meta":"","header-main-stick-meta":"","header-below-stick-meta":"","astra-migrate-meta-layouts":"default","ast-page-background-enabled":"default","ast-page-background-meta":{"desktop":{"background-color":"var(--ast-global-color-5)","background-image":"","background-repeat":"repeat","background-position":"center center","background-size":"auto","background-attachment":"scroll","background-type":"","background-media":"","overlay-type":"","overlay-color":"","overlay-opacity":"","overlay-gradient":""},"tablet":{"background-color":"","background-image":"","background-repeat":"repeat","background-position":"center center","background-size":"auto","background-attachment":"scroll","background-type":"","background-media":"","overlay-type":"","overlay-color":"","overlay-opacity":"","overlay-gradient":""},"mobile":{"background-color":"","background-image":"","background-repeat":"repeat","background-position":"center center","background-size":"auto","background-attachment":"scroll","background-type":"","background-media":"","overlay-type":"","overlay-color":"","overlay-opacity":"","overlay-gradient":""}},"ast-content-background-meta":{"desktop":{"background-color":"var(--ast-global-color-4)","background-image":"","background-repeat":"repeat","background-position":"center center","background-size":"auto","background-attachment":"scroll","background-type":"","background-media":"","overlay-type":"","overlay-color":"","overlay-opacity":"","overlay-gradient":""},"tablet":{"background-color":"var(--ast-global-color-4)","background-image":"","background-repeat":"repeat","background-position":"center center","background-size":"auto","background-attachment":"scroll","background-type":"","background-media":"","overlay-type":"","overlay-color":"","overlay-opacity":"","overlay-gradient":""},"mobile":{"background-color":"var(--ast-global-color-4)","background-image":"","background-repeat":"repeat","background-position":"center center","background-size":"auto","background-attachment":"scroll","background-type":"","background-media":"","overlay-type":"","overlay-color":"","overlay-opacity":"","overlay-gradient":""}}},"product_brand":[27],"product_cat":[100],"product_tag":[112,171],"class_list":{"0":"post-2402","1":"product","2":"type-product","3":"status-publish","4":"has-post-thumbnail","6":"product_brand-yabisa","7":"product_cat-packs-dextension","8":"product_tag-extensions-naturelles","9":"product_tag-plumes-couleur-kaki","10":"desktop-align-left","11":"tablet-align-left","12":"mobile-align-left","14":"first","15":"instock","16":"shipping-taxable","17":"purchasable","18":"product-type-variable"},"jetpack_sharing_enabled":true,"_links":{"self":[{"href":"https:\/\/yabissa.com\/fr\/wp-json\/wp\/v2\/product\/2402","targetHints":{"allow":["GET"]}}],"collection":[{"href":"https:\/\/yabissa.com\/fr\/wp-json\/wp\/v2\/product"}],"about":[{"href":"https:\/\/yabissa.com\/fr\/wp-json\/wp\/v2\/types\/product"}],"replies":[{"embeddable":true,"href":"https:\/\/yabissa.com\/fr\/wp-json\/wp\/v2\/comments?post=2402"}],"wp:featuredmedia":[{"embeddable":true,"href":"https:\/\/yabissa.com\/fr\/wp-json\/wp\/v2\/media\/2372"}],"wp:attachment":[{"href":"https:\/\/yabissa.com\/fr\/wp-json\/wp\/v2\/media?parent=2402"}],"wp:term":[{"taxonomy":"product_brand","embeddable":true,"href":"https:\/\/yabissa.com\/fr\/wp-json\/wp\/v2\/product_brand?post=2402"},{"taxonomy":"product_cat","embeddable":true,"href":"https:\/\/yabissa.com\/fr\/wp-json\/wp\/v2\/product_cat?post=2402"},{"taxonomy":"product_tag","embeddable":true,"href":"https:\/\/yabissa.com\/fr\/wp-json\/wp\/v2\/product_tag?post=2402"}],"curies":[{"name":"wp","href":"https:\/\/api.w.org\/{rel}","templated":true}]}}