{"id":2399,"date":"2025-04-15T09:01:12","date_gmt":"2025-04-15T09:01:12","guid":{"rendered":"https:\/\/yabissa.com\/producto\/pack-de-3-extensions-en-plumes-naturelles-bleu-turquoise\/"},"modified":"2025-07-03T12:14:08","modified_gmt":"2025-07-03T12:14:08","slug":"pack-de-3-extensions-en-plumes-naturelles-bleu-turquoise","status":"publish","type":"product","link":"https:\/\/yabissa.com\/fr\/producto\/pack-de-3-extensions-en-plumes-naturelles-bleu-turquoise\/","title":{"rendered":"Pack de 3 extensions en plumes naturelles. Bleu Turquoise"},"content":{"rendered":"<p>Ajoutez une touche fra\u00eeche, vibrante et cr\u00e9ative \u00e0 votre coiffure avec ce pack de 3 extensions en plumes naturelles de couleur turquoise. Sa teinte entre le bleu et le vert est parfaite pour se d\u00e9marquer avec style en toute occasion : d&rsquo;un look quotidien avec personnalit\u00e9 \u00e0 des tenues de festival, des s\u00e9ances photo ou des \u00e9v\u00e9nements sp\u00e9ciaux.<\/p>\n<p>Les plumes sont 100 % naturelles, s\u00e9lectionn\u00e9es \u00e0 la main pour leur douceur, leur forme et leur couleur. Avec une longueur allant de 28 cm \u00e0 plus de 35 cm, elles sont fines, l\u00e9g\u00e8res et flexibles, id\u00e9ales pour \u00eatre port\u00e9es comme m\u00e8ches d\u00e9coratives. Elles s&rsquo;int\u00e8grent parfaitement aux cheveux sans \u00eatre remarqu\u00e9es, apportant du mouvement et un effet visuel saisissant sans effort.<\/p>\n<p>En plus de leur beaut\u00e9, elles sont \u00e9galement tr\u00e8s pratiques : vous pourrez les laver, les coiffer, les lisser ou les s\u00e9cher comme si elles faisaient partie de vos cheveux, et le mieux, c&rsquo;est qu&rsquo;elles sont r\u00e9utilisables et peuvent durer jusqu&rsquo;\u00e0 6 mois en place avec les soins appropri\u00e9s.<\/p>\n<h3 class=\"\" data-start=\"1206\" data-end=\"1233\">\u2728\u00a0<strong>Que contient le pack ?<\/strong><\/h3>\n<ul>\n<li>3 plumes naturelles de couleur turquoise<\/li>\n<li>3 micro-bagues pour leur installation<\/li>\n<li>1 enfile-fil<\/li>\n<\/ul>\n<p>Il vous suffira d&rsquo;une pince pour compl\u00e9ter facilement l&rsquo;installation.<\/p>\n<h3 class=\"\" data-start=\"1432\" data-end=\"1459\">\u2714\ufe0f\u00a0<strong>Avantages principaux :<\/strong><\/h3>\n<ul>\n<li>Couleur turquoise vibrante et unique<\/li>\n<li>L\u00e9g\u00e8res, confortables et presque imperceptibles<\/li>\n<li>Faciles \u00e0 poser et \u00e0 retirer<\/li>\n<li>R\u00e9utilisables et durables (jusqu&rsquo;\u00e0 6 mois en place)<\/li>\n<li>Convient \u00e0 tous les types de cheveux<\/li>\n<li>Parfaites pour des looks alternatifs, boh\u00e8mes, de festival ou estivaux<\/li>\n<\/ul>\n<p>Un accessoire id\u00e9al pour transformer votre coiffure sans teinture ni engagement, avec une couleur qui transmet libert\u00e9, joie et originalit\u00e9. C\u2019est aussi une excellente id\u00e9e de cadeau pour ceux qui aiment les d\u00e9tails diff\u00e9rents.<\/p>\n","protected":false},"excerpt":{"rendered":"<p>Pack de 3 plumas naturales de couleur turquoise. L\u00e9g\u00e8res, vibrantes et r\u00e9utilisables. Inclut des micro-bagues et un enfile-fil pour les poser facilement dans les cheveux.<\/p>\n","protected":false},"featured_media":2359,"comment_status":"open","ping_status":"closed","template":"","meta":{"site-sidebar-layout":"default","site-content-layout":"","ast-site-content-layout":"default","site-content-style":"default","site-sidebar-style":"default","ast-global-header-display":"","ast-banner-title-visibility":"","ast-main-header-display":"","ast-hfb-above-header-display":"","ast-hfb-below-header-display":"","ast-hfb-mobile-header-display":"","site-post-title":"","ast-breadcrumbs-content":"","ast-featured-img":"","footer-sml-layout":"","theme-transparent-header-meta":"default","adv-header-id-meta":"","stick-header-meta":"","header-above-stick-meta":"","header-main-stick-meta":"","header-below-stick-meta":"","astra-migrate-meta-layouts":"default","ast-page-background-enabled":"default","ast-page-background-meta":{"desktop":{"background-color":"var(--ast-global-color-5)","background-image":"","background-repeat":"repeat","background-position":"center center","background-size":"auto","background-attachment":"scroll","background-type":"","background-media":"","overlay-type":"","overlay-color":"","overlay-opacity":"","overlay-gradient":""},"tablet":{"background-color":"","background-image":"","background-repeat":"repeat","background-position":"center center","background-size":"auto","background-attachment":"scroll","background-type":"","background-media":"","overlay-type":"","overlay-color":"","overlay-opacity":"","overlay-gradient":""},"mobile":{"background-color":"","background-image":"","background-repeat":"repeat","background-position":"center center","background-size":"auto","background-attachment":"scroll","background-type":"","background-media":"","overlay-type":"","overlay-color":"","overlay-opacity":"","overlay-gradient":""}},"ast-content-background-meta":{"desktop":{"background-color":"var(--ast-global-color-4)","background-image":"","background-repeat":"repeat","background-position":"center center","background-size":"auto","background-attachment":"scroll","background-type":"","background-media":"","overlay-type":"","overlay-color":"","overlay-opacity":"","overlay-gradient":""},"tablet":{"background-color":"var(--ast-global-color-4)","background-image":"","background-repeat":"repeat","background-position":"center center","background-size":"auto","background-attachment":"scroll","background-type":"","background-media":"","overlay-type":"","overlay-color":"","overlay-opacity":"","overlay-gradient":""},"mobile":{"background-color":"var(--ast-global-color-4)","background-image":"","background-repeat":"repeat","background-position":"center center","background-size":"auto","background-attachment":"scroll","background-type":"","background-media":"","overlay-type":"","overlay-color":"","overlay-opacity":"","overlay-gradient":""}}},"product_brand":[27],"product_cat":[100],"product_tag":[101,168],"class_list":{"0":"post-2399","1":"product","2":"type-product","3":"status-publish","4":"has-post-thumbnail","6":"product_brand-yabisa","7":"product_cat-packs-dextension","8":"product_tag-extensions-de-plumes","9":"product_tag-plumes-couleur-turquoise","10":"desktop-align-left","11":"tablet-align-left","12":"mobile-align-left","14":"first","15":"instock","16":"shipping-taxable","17":"purchasable","18":"product-type-variable"},"jetpack_sharing_enabled":true,"_links":{"self":[{"href":"https:\/\/yabissa.com\/fr\/wp-json\/wp\/v2\/product\/2399","targetHints":{"allow":["GET"]}}],"collection":[{"href":"https:\/\/yabissa.com\/fr\/wp-json\/wp\/v2\/product"}],"about":[{"href":"https:\/\/yabissa.com\/fr\/wp-json\/wp\/v2\/types\/product"}],"replies":[{"embeddable":true,"href":"https:\/\/yabissa.com\/fr\/wp-json\/wp\/v2\/comments?post=2399"}],"wp:featuredmedia":[{"embeddable":true,"href":"https:\/\/yabissa.com\/fr\/wp-json\/wp\/v2\/media\/2359"}],"wp:attachment":[{"href":"https:\/\/yabissa.com\/fr\/wp-json\/wp\/v2\/media?parent=2399"}],"wp:term":[{"taxonomy":"product_brand","embeddable":true,"href":"https:\/\/yabissa.com\/fr\/wp-json\/wp\/v2\/product_brand?post=2399"},{"taxonomy":"product_cat","embeddable":true,"href":"https:\/\/yabissa.com\/fr\/wp-json\/wp\/v2\/product_cat?post=2399"},{"taxonomy":"product_tag","embeddable":true,"href":"https:\/\/yabissa.com\/fr\/wp-json\/wp\/v2\/product_tag?post=2399"}],"curies":[{"name":"wp","href":"https:\/\/api.w.org\/{rel}","templated":true}]}}