{"id":1887,"date":"2025-04-15T09:30:22","date_gmt":"2025-04-15T09:30:22","guid":{"rendered":"https:\/\/yabissa.com\/producto\/pack-extensions-de-plumes-naturelles-tricolore\/"},"modified":"2025-05-06T09:46:39","modified_gmt":"2025-05-06T09:46:39","slug":"pack-extensions-de-plumes-naturelles-tricolore","status":"publish","type":"product","link":"https:\/\/yabissa.com\/fr\/producto\/pack-extensions-de-plumes-naturelles-tricolore\/","title":{"rendered":"Pack Extensions de plumes naturelles. Tricolore"},"content":{"rendered":"<p class=\"\" data-start=\"330\" data-end=\"730\">Si vous aimez les coiffures pleines de couleurs, de personnalit\u00e9 et de style, ce <strong data-start=\"403\" data-end=\"466\">pack de 3 extensions de plumes naturelles dans des tons tricolores<\/strong> est fait pour vous. Combinant les couleurs vibrantes <strong data-start=\"512\" data-end=\"535\">du rose, du bleu et du violet<\/strong>, ces plumes apportent une touche cr\u00e9ative et amusante \u00e0 vos cheveux, parfaites pour se d\u00e9marquer lors de festivals, de s\u00e9ances photo, de concerts ou simplement pour exprimer votre style le plus libre et le plus artistique. <\/p>\n<p class=\"\" data-start=\"732\" data-end=\"1072\">Chaque plume est <strong data-start=\"746\" data-end=\"762\">100&nbsp;% naturelle<\/strong>, s\u00e9lectionn\u00e9e \u00e0 la main pour sa qualit\u00e9, sa douceur et sa r\u00e9sistance. Ils ont une longueur comprise entre <strong data-start=\"853\" data-end=\"877\">28 cm et plus de 35 cm<\/strong>, et sont <strong data-start=\"885\" data-end=\"915\">fins, l\u00e9gers et flexibles<\/strong>, id\u00e9aux pour les placer comme points forts d\u00e9coratifs. Ils s\u2019int\u00e8grent facilement dans tous les types de cheveux, offrant du mouvement et un effet visuel saisissant et unique.  <\/p>\n<p class=\"\" data-start=\"1074\" data-end=\"1284\">Ces extensions sont <strong data-start=\"1096\" data-end=\"1125\">r\u00e9utilisables et durables<\/strong>, et peuvent rester en place jusqu\u2019\u00e0 <strong data-start=\"1163\" data-end=\"1174\">6 mois<\/strong>. Vous pouvez laver, repasser, brosser et utiliser vos produits habituels sans compromettre leur forme ou leur couleur. <\/p>\n<hr class=\"\" data-start=\"1286\" data-end=\"1289\">\n<h3 class=\"\" data-start=\"1291\" data-end=\"1318\">\u2728 Que comprend le pack ?<\/h3>\n<ul data-start=\"1320\" data-end=\"1553\">\n<li class=\"\" data-start=\"1320\" data-end=\"1380\">\n<p class=\"\" data-start=\"1322\" data-end=\"1380\"><strong data-start=\"1322\" data-end=\"1344\">3 plumes naturelles<\/strong> combin\u00e9es en rose, bleu et violet<\/p>\n<\/li>\n<li class=\"\" data-start=\"1381\" data-end=\"1427\">\n<p class=\"\" data-start=\"1383\" data-end=\"1427\"><strong data-start=\"1383\" data-end=\"1401\">3 micro anneaux<\/strong> de la couleur de votre choix<\/p>\n<\/li>\n<li class=\"\" data-start=\"1428\" data-end=\"1485\">\n<p class=\"\" data-start=\"1430\" data-end=\"1485\"><strong data-start=\"1430\" data-end=\"1454\">1 enfileur<\/strong> pour un placement facile<\/p>\n<\/li>\n<li class=\"\" data-start=\"1486\" data-end=\"1553\">\n<p class=\"\" data-start=\"1488\" data-end=\"1553\">Vous n\u2019avez besoin que d\u2019une seule <strong data-start=\"1506\" data-end=\"1517\">pince<\/strong> pour installer facilement les stylos<\/p>\n<\/li>\n<\/ul>\n<hr class=\"\" data-start=\"1555\" data-end=\"1558\">\n<h3 class=\"\" data-start=\"1560\" data-end=\"1587\">\u2714\ufe0f Avantages exceptionnels :<\/h3>\n<ul data-start=\"1589\" data-end=\"1855\">\n<li class=\"\" data-start=\"1589\" data-end=\"1634\">\n<p class=\"\" data-start=\"1591\" data-end=\"1634\">Combinaison tricolore frappante et originale<\/p>\n<\/li>\n<li class=\"\" data-start=\"1635\" data-end=\"1664\">\n<p class=\"\" data-start=\"1637\" data-end=\"1664\">Facile \u00e0 fixer et \u00e0 retirer<\/p>\n<\/li>\n<li class=\"\" data-start=\"1665\" data-end=\"1698\">\n<p class=\"\" data-start=\"1667\" data-end=\"1698\">Tr\u00e8s l\u00e9ger, doux et confortable<\/p>\n<\/li>\n<li class=\"\" data-start=\"1699\" data-end=\"1746\">\n<p class=\"\" data-start=\"1701\" data-end=\"1746\">R\u00e9utilisable et r\u00e9sistant (jusqu\u2019\u00e0 6 mois)<\/p>\n<\/li>\n<li class=\"\" data-start=\"1747\" data-end=\"1788\">\n<p class=\"\" data-start=\"1749\" data-end=\"1788\">Compatible avec tous les types de coiffures<\/p>\n<\/li>\n<li class=\"\" data-start=\"1789\" data-end=\"1855\">\n<p class=\"\" data-start=\"1791\" data-end=\"1855\">Id\u00e9al pour les styles alternatifs, fantastiques, boh\u00e8mes ou de festival<\/p>\n<\/li>\n<\/ul>\n<hr class=\"\" data-start=\"1857\" data-end=\"1860\">\n<p class=\"\" data-start=\"1862\" data-end=\"2108\">Ces plumes ne transforment pas seulement votre coiffure, elles refl\u00e8tent \u00e9galement votre personnalit\u00e9 et votre cr\u00e9ativit\u00e9. Un d\u00e9tail parfait pour ceux qui aiment la couleur, les accessoires alternatifs et uniques. C\u2019est aussi un cadeau id\u00e9al pour les personnes ayant leur propre style.  <\/p>\n","protected":false},"excerpt":{"rendered":"<p>Pack de 3 plumes naturelles aux couleurs rose, bleu et violet. L\u00e9ger, vibrant et r\u00e9utilisable. Comprend des micro-anneaux et un enfileur pour un placement facile.  <\/p>\n","protected":false},"featured_media":1920,"comment_status":"open","ping_status":"closed","template":"","meta":{"site-sidebar-layout":"default","site-content-layout":"","ast-site-content-layout":"default","site-content-style":"default","site-sidebar-style":"default","ast-global-header-display":"","ast-banner-title-visibility":"","ast-main-header-display":"","ast-hfb-above-header-display":"","ast-hfb-below-header-display":"","ast-hfb-mobile-header-display":"","site-post-title":"","ast-breadcrumbs-content":"","ast-featured-img":"","footer-sml-layout":"","theme-transparent-header-meta":"default","adv-header-id-meta":"","stick-header-meta":"","header-above-stick-meta":"","header-main-stick-meta":"","header-below-stick-meta":"","astra-migrate-meta-layouts":"default","ast-page-background-enabled":"default","ast-page-background-meta":{"desktop":{"background-color":"var(--ast-global-color-5)","background-image":"","background-repeat":"repeat","background-position":"center center","background-size":"auto","background-attachment":"scroll","background-type":"","background-media":"","overlay-type":"","overlay-color":"","overlay-opacity":"","overlay-gradient":""},"tablet":{"background-color":"","background-image":"","background-repeat":"repeat","background-position":"center center","background-size":"auto","background-attachment":"scroll","background-type":"","background-media":"","overlay-type":"","overlay-color":"","overlay-opacity":"","overlay-gradient":""},"mobile":{"background-color":"","background-image":"","background-repeat":"repeat","background-position":"center center","background-size":"auto","background-attachment":"scroll","background-type":"","background-media":"","overlay-type":"","overlay-color":"","overlay-opacity":"","overlay-gradient":""}},"ast-content-background-meta":{"desktop":{"background-color":"var(--ast-global-color-4)","background-image":"","background-repeat":"repeat","background-position":"center center","background-size":"auto","background-attachment":"scroll","background-type":"","background-media":"","overlay-type":"","overlay-color":"","overlay-opacity":"","overlay-gradient":""},"tablet":{"background-color":"var(--ast-global-color-4)","background-image":"","background-repeat":"repeat","background-position":"center center","background-size":"auto","background-attachment":"scroll","background-type":"","background-media":"","overlay-type":"","overlay-color":"","overlay-opacity":"","overlay-gradient":""},"mobile":{"background-color":"var(--ast-global-color-4)","background-image":"","background-repeat":"repeat","background-position":"center center","background-size":"auto","background-attachment":"scroll","background-type":"","background-media":"","overlay-type":"","overlay-color":"","overlay-opacity":"","overlay-gradient":""}}},"product_brand":[27],"product_cat":[100],"product_tag":[101,102],"class_list":{"0":"post-1887","1":"product","2":"type-product","3":"status-publish","4":"has-post-thumbnail","6":"product_brand-yabisa","7":"product_cat-packs-dextension","8":"product_tag-extensions-de-plumes","9":"product_tag-plumes-de-poils-tricolores","10":"desktop-align-left","11":"tablet-align-left","12":"mobile-align-left","14":"first","15":"instock","16":"shipping-taxable","17":"purchasable","18":"product-type-variable"},"jetpack_sharing_enabled":true,"_links":{"self":[{"href":"https:\/\/yabissa.com\/fr\/wp-json\/wp\/v2\/product\/1887","targetHints":{"allow":["GET"]}}],"collection":[{"href":"https:\/\/yabissa.com\/fr\/wp-json\/wp\/v2\/product"}],"about":[{"href":"https:\/\/yabissa.com\/fr\/wp-json\/wp\/v2\/types\/product"}],"replies":[{"embeddable":true,"href":"https:\/\/yabissa.com\/fr\/wp-json\/wp\/v2\/comments?post=1887"}],"wp:featuredmedia":[{"embeddable":true,"href":"https:\/\/yabissa.com\/fr\/wp-json\/wp\/v2\/media\/1920"}],"wp:attachment":[{"href":"https:\/\/yabissa.com\/fr\/wp-json\/wp\/v2\/media?parent=1887"}],"wp:term":[{"taxonomy":"product_brand","embeddable":true,"href":"https:\/\/yabissa.com\/fr\/wp-json\/wp\/v2\/product_brand?post=1887"},{"taxonomy":"product_cat","embeddable":true,"href":"https:\/\/yabissa.com\/fr\/wp-json\/wp\/v2\/product_cat?post=1887"},{"taxonomy":"product_tag","embeddable":true,"href":"https:\/\/yabissa.com\/fr\/wp-json\/wp\/v2\/product_tag?post=1887"}],"curies":[{"name":"wp","href":"https:\/\/api.w.org\/{rel}","templated":true}]}}