{"id":1884,"date":"2025-04-15T09:44:12","date_gmt":"2025-04-15T09:44:12","guid":{"rendered":"https:\/\/yabissa.com\/producto\/chaine-de-manchette-doreille-en-duvet\/"},"modified":"2025-04-23T10:51:05","modified_gmt":"2025-04-23T10:51:05","slug":"chaine-de-manchette-doreille-en-duvet","status":"publish","type":"product","link":"https:\/\/yabissa.com\/fr\/producto\/chaine-de-manchette-doreille-en-duvet\/","title":{"rendered":"Cha\u00eene de manchette d\u2019oreille en duvet"},"content":{"rendered":"<p class=\"\" data-start=\"259\" data-end=\"669\">Donnez une touche sauvage, \u00e9l\u00e9gante et alternative \u00e0 votre style avec cette <strong data-start=\"326\" data-end=\"369\">boucle d\u2019oreille en plume naturelle avec cha\u00eene<\/strong>, une pi\u00e8ce saisissante qui allie artisanat et boh\u00e8me. Parfait pour les festivals, les s\u00e9ances photo, les concerts ou tout simplement pour se d\u00e9marquer avec un accessoire unique, ce bijou d\u2019oreille n\u2019a pas besoin d\u2019\u00eatre perc\u00e9 : il s\u2019adapte confortablement \u00e0 l\u2019oreille et tient en toute s\u00e9curit\u00e9 gr\u00e2ce \u00e0 son design enveloppant. <\/p>\n<p class=\"\" data-start=\"671\" data-end=\"963\">Le design combine une <strong data-start=\"693\" data-end=\"719\">cha\u00eene m\u00e9tallique l\u00e9g\u00e8re<\/strong> avec des <strong data-start=\"724\" data-end=\"765\">plumes naturelles s\u00e9lectionn\u00e9es \u00e0 la main<\/strong>, offrant texture, mouvement et un effet visuel spectaculaire. Son esth\u00e9tique boho-chic est id\u00e9ale pour ceux qui aiment les d\u00e9tails originaux et expressifs, et qui veulent un accessoire qui parle de lui-m\u00eame. <\/p>\n<hr class=\"\" data-start=\"965\" data-end=\"968\">\n<h3 class=\"\" data-start=\"970\" data-end=\"1003\">\u2728 Faits saillants:<\/h3>\n<ul data-start=\"1005\" data-end=\"1318\">\n<li class=\"\" data-start=\"1005\" data-end=\"1046\">\n<p class=\"\" data-start=\"1007\" data-end=\"1046\"><strong data-start=\"1007\" data-end=\"1044\">Manchette d\u2019oreille sans trou<\/strong><\/p>\n<\/li>\n<li class=\"\" data-start=\"1047\" data-end=\"1096\">\n<p class=\"\" data-start=\"1049\" data-end=\"1096\">Comprend une <strong data-start=\"1057\" data-end=\"1094\">cha\u00eene d\u00e9corative en m\u00e9tal l\u00e9ger<\/strong><\/p>\n<\/li>\n<li class=\"\" data-start=\"1097\" data-end=\"1145\">\n<p class=\"\" data-start=\"1099\" data-end=\"1145\">D\u00e9cor\u00e9 de <strong data-start=\"1112\" data-end=\"1143\">plumes naturelles authentiques<\/strong><\/p>\n<\/li>\n<li class=\"\" data-start=\"1146\" data-end=\"1194\">\n<p class=\"\" data-start=\"1148\" data-end=\"1194\">Con\u00e7u pour un placement confortable et s\u00fbr<\/p>\n<\/li>\n<li class=\"\" data-start=\"1195\" data-end=\"1272\">\n<p class=\"\" data-start=\"1197\" data-end=\"1272\">Id\u00e9al pour les styles <strong data-start=\"1216\" data-end=\"1270\">boh\u00e8mes, hippies chics, festifs ou alternatifs<\/strong><\/p>\n<\/li>\n<li class=\"\" data-start=\"1273\" data-end=\"1318\">\n<p class=\"\" data-start=\"1275\" data-end=\"1318\">Fabriqu\u00e9 \u00e0 la main \u00e0 partir de mat\u00e9riaux s\u00e9lectionn\u00e9s<\/p>\n<\/li>\n<\/ul>\n<hr class=\"\" data-start=\"1320\" data-end=\"1323\">\n<p class=\"\" data-start=\"1325\" data-end=\"1512\">Cet accessoire s\u2019adapte aussi bien aux looks d\u00e9contract\u00e9s qu\u2019aux tenues plus \u00e9labor\u00e9es. Vous pouvez le porter seul pour une touche subtile ou l\u2019associer \u00e0 d\u2019autres boucles d\u2019oreilles pour un effet plus percutant. <\/p>\n<hr class=\"\" data-start=\"1514\" data-end=\"1517\">\n<p class=\"\" data-start=\"1519\" data-end=\"1692\">Un bijou diff\u00e9rent, pour les \u00e2mes libres qui s\u2019expriment \u00e0 travers le style. C\u2019est aussi un cadeau original avec beaucoup de caract\u00e8re pour les amateurs de design boh\u00e8me et de mode naturelle. <\/p>\n","protected":false},"excerpt":{"rendered":"<p>Boucle d\u2019oreille en plume naturelle avec cha\u00eene. Aucun trou n\u2019est n\u00e9cessaire. L\u00e9ger, confortable et de style boho chic. Id\u00e9al pour les looks alternatifs et les festivals.   <\/p>\n","protected":false},"featured_media":1893,"comment_status":"open","ping_status":"closed","template":"","meta":{"site-sidebar-layout":"default","site-content-layout":"","ast-site-content-layout":"default","site-content-style":"default","site-sidebar-style":"default","ast-global-header-display":"","ast-banner-title-visibility":"","ast-main-header-display":"","ast-hfb-above-header-display":"","ast-hfb-below-header-display":"","ast-hfb-mobile-header-display":"","site-post-title":"","ast-breadcrumbs-content":"","ast-featured-img":"","footer-sml-layout":"","theme-transparent-header-meta":"default","adv-header-id-meta":"","stick-header-meta":"","header-above-stick-meta":"","header-main-stick-meta":"","header-below-stick-meta":"","astra-migrate-meta-layouts":"default","ast-page-background-enabled":"default","ast-page-background-meta":{"desktop":{"background-color":"var(--ast-global-color-5)","background-image":"","background-repeat":"repeat","background-position":"center center","background-size":"auto","background-attachment":"scroll","background-type":"","background-media":"","overlay-type":"","overlay-color":"","overlay-opacity":"","overlay-gradient":""},"tablet":{"background-color":"","background-image":"","background-repeat":"repeat","background-position":"center center","background-size":"auto","background-attachment":"scroll","background-type":"","background-media":"","overlay-type":"","overlay-color":"","overlay-opacity":"","overlay-gradient":""},"mobile":{"background-color":"","background-image":"","background-repeat":"repeat","background-position":"center center","background-size":"auto","background-attachment":"scroll","background-type":"","background-media":"","overlay-type":"","overlay-color":"","overlay-opacity":"","overlay-gradient":""}},"ast-content-background-meta":{"desktop":{"background-color":"var(--ast-global-color-4)","background-image":"","background-repeat":"repeat","background-position":"center center","background-size":"auto","background-attachment":"scroll","background-type":"","background-media":"","overlay-type":"","overlay-color":"","overlay-opacity":"","overlay-gradient":""},"tablet":{"background-color":"var(--ast-global-color-4)","background-image":"","background-repeat":"repeat","background-position":"center center","background-size":"auto","background-attachment":"scroll","background-type":"","background-media":"","overlay-type":"","overlay-color":"","overlay-opacity":"","overlay-gradient":""},"mobile":{"background-color":"var(--ast-global-color-4)","background-image":"","background-repeat":"repeat","background-position":"center center","background-size":"auto","background-attachment":"scroll","background-type":"","background-media":"","overlay-type":"","overlay-color":"","overlay-opacity":"","overlay-gradient":""}}},"product_brand":[27],"product_cat":[91],"product_tag":[96,93],"class_list":{"0":"post-1884","1":"product","2":"type-product","3":"status-publish","4":"has-post-thumbnail","6":"product_brand-yabisa","7":"product_cat-accessoires-de-plumes","8":"product_tag-accessoire-sans-trou","9":"product_tag-manchette-doreille-en-plume","10":"desktop-align-left","11":"tablet-align-left","12":"mobile-align-left","14":"first","15":"instock","16":"shipping-taxable","17":"purchasable","18":"product-type-variable"},"jetpack_sharing_enabled":true,"_links":{"self":[{"href":"https:\/\/yabissa.com\/fr\/wp-json\/wp\/v2\/product\/1884","targetHints":{"allow":["GET"]}}],"collection":[{"href":"https:\/\/yabissa.com\/fr\/wp-json\/wp\/v2\/product"}],"about":[{"href":"https:\/\/yabissa.com\/fr\/wp-json\/wp\/v2\/types\/product"}],"replies":[{"embeddable":true,"href":"https:\/\/yabissa.com\/fr\/wp-json\/wp\/v2\/comments?post=1884"}],"wp:featuredmedia":[{"embeddable":true,"href":"https:\/\/yabissa.com\/fr\/wp-json\/wp\/v2\/media\/1893"}],"wp:attachment":[{"href":"https:\/\/yabissa.com\/fr\/wp-json\/wp\/v2\/media?parent=1884"}],"wp:term":[{"taxonomy":"product_brand","embeddable":true,"href":"https:\/\/yabissa.com\/fr\/wp-json\/wp\/v2\/product_brand?post=1884"},{"taxonomy":"product_cat","embeddable":true,"href":"https:\/\/yabissa.com\/fr\/wp-json\/wp\/v2\/product_cat?post=1884"},{"taxonomy":"product_tag","embeddable":true,"href":"https:\/\/yabissa.com\/fr\/wp-json\/wp\/v2\/product_tag?post=1884"}],"curies":[{"name":"wp","href":"https:\/\/api.w.org\/{rel}","templated":true}]}}